{"id":2718,"date":"2019-11-14T14:40:26","date_gmt":"2019-11-14T14:40:26","guid":{"rendered":"http:\/\/45t.b49.mywebsitetransfer.com\/?page_id=2718"},"modified":"2020-06-09T20:54:26","modified_gmt":"2020-06-09T20:54:26","slug":"uv-disinfection-systems-for-the-house","status":"publish","type":"page","link":"https:\/\/auelik.com\/es\/uv-disinfection-systems-for-the-house\/","title":{"rendered":"Sistemas de Desinfecci\u00f3n UV Para La Casa"},"content":{"rendered":"[vc_row type=\u00bbfull_width_background\u00bb full_screen_row_position=\u00bbmiddle\u00bb bg_color=\u00bb#ffffff\u00bb scene_position=\u00bbcenter\u00bb text_color=\u00bbdark\u00bb text_align=\u00bbleft\u00bb top_padding=\u00bb5%\u00bb bottom_padding=\u00bb5%\u00bb overlay_strength=\u00bb0.3&#8243; shape_divider_position=\u00bbbottom\u00bb bg_image_animation=\u00bbnone\u00bb shape_type=\u00bb\u00bb][vc_column column_padding=\u00bbno-extra-padding\u00bb column_padding_position=\u00bball\u00bb background_color_opacity=\u00bb1&#8243; background_hover_color_opacity=\u00bb1&#8243; column_link_target=\u00bb_self\u00bb column_shadow=\u00bbnone\u00bb column_border_radius=\u00bbnone\u00bb width=\u00bb1\/1&#8243; tablet_width_inherit=\u00bbdefault\u00bb tablet_text_alignment=\u00bbdefault\u00bb phone_text_alignment=\u00bbdefault\u00bb column_border_width=\u00bbnone\u00bb column_border_style=\u00bbsolid\u00bb bg_image_animation=\u00bbnone\u00bb][vc_row_inner column_margin=\u00bbdefault\u00bb text_align=\u00bbleft\u00bb][vc_column_inner column_padding=\u00bbpadding-5-percent\u00bb column_padding_position=\u00bbleft-right\u00bb background_color_opacity=\u00bb1&#8243; background_hover_color_opacity=\u00bb1&#8243; column_shadow=\u00bbnone\u00bb column_border_radius=\u00bbnone\u00bb column_link_target=\u00bb_self\u00bb width=\u00bb1\/2&#8243; tablet_width_inherit=\u00bbdefault\u00bb column_border_width=\u00bbnone\u00bb column_border_style=\u00bbsolid\u00bb bg_image_animation=\u00bbnone\u00bb]<div class=\"img-with-aniamtion-wrap center\" data-max-width=\"100%\" data-border-radius=\"none\"><div class=\"inner\"><img loading=\"lazy\" decoding=\"async\" data-shadow=\"none\" data-shadow-direction=\"middle\" class=\"img-with-animation skip-lazy \" data-delay=\"0\" height=\"600\" width=\"600\"  data-animation=\"fade-in\" src=\"https:\/\/auelik.com\/wp-content\/uploads\/2019\/12\/UV_Polaris.jpg\" srcset=\"https:\/\/auelik.com\/wp-content\/uploads\/2019\/12\/UV_Polaris.jpg 600w, https:\/\/auelik.com\/wp-content\/uploads\/2019\/12\/UV_Polaris-150x150.jpg 150w, https:\/\/auelik.com\/wp-content\/uploads\/2019\/12\/UV_Polaris-300x300.jpg 300w, https:\/\/auelik.com\/wp-content\/uploads\/2019\/12\/UV_Polaris-100x100.jpg 100w, https:\/\/auelik.com\/wp-content\/uploads\/2019\/12\/UV_Polaris-140x140.jpg 140w, https:\/\/auelik.com\/wp-content\/uploads\/2019\/12\/UV_Polaris-500x500.jpg 500w, https:\/\/auelik.com\/wp-content\/uploads\/2019\/12\/UV_Polaris-350x350.jpg 350w\" sizes=\"100vw\" alt=\"\" \/><\/div><\/div>[\/vc_column_inner][vc_column_inner column_padding=\u00bbno-extra-padding\u00bb column_padding_position=\u00bball\u00bb background_color_opacity=\u00bb1&#8243; background_hover_color_opacity=\u00bb1&#8243; column_shadow=\u00bbnone\u00bb column_border_radius=\u00bbnone\u00bb column_link_target=\u00bb_self\u00bb width=\u00bb1\/2&#8243; tablet_width_inherit=\u00bbdefault\u00bb column_border_width=\u00bbnone\u00bb column_border_style=\u00bbsolid\u00bb bg_image_animation=\u00bbnone\u00bb][vc_custom_heading text=\u00bbSistemas de Desinfecci\u00f3n UV Para La Casa\u00bb font_container=\u00bbtag:h2|font_size:35px|text_align:left|color:%23030d31&#8243; google_fonts=\u00bbfont_family:Roboto%3A100%2C100italic%2C300%2C300italic%2Cregular%2Citalic%2C500%2C500italic%2C700%2C700italic%2C900%2C900italic|font_style:500%20bold%20regular%3A500%3Anormal\u00bb]<div class=\"divider-wrap\" data-alignment=\"default\"><div style=\"height: 50px;\" class=\"divider\"><\/div><\/div>[vc_column_text]La desinfecci\u00f3n UV agrega un nivel adicional de protecci\u00f3n que otros filtros de agua no pueden proporcionar. El agua se mueve a trav\u00e9s de una c\u00e1mara del reactor de acero inoxidable donde est\u00e1 expuesta a la l\u00e1mpara UV. La luz UV hace que las bacterias en el agua no puedan funcionar, eliminando el riesgo de infecci\u00f3n. Una vez que el agua pasa a trav\u00e9s de la c\u00e1mara, se proporciona agua m\u00e1s segura a cada grifo de la casa.<\/p>\n<h3>Beneficios de los Sistemas de Desinfeccion UV<\/h3>\n<ul>\n<li>La luz UV tiene propiedades germicidas que la convierten en un desinfectante confiable<\/li>\n<li>Los sistemas UV est\u00e1n certificados por NSF, una organizaci\u00f3n sin fines de lucro que garantiza la seguridad de los sistemas de filtraci\u00f3n de agua.<\/li>\n<li>Los sistemas UV proporcionan desinfecci\u00f3n del agua sin qu\u00edmicos, lo que significa que no hay cloro ni subproductos qu\u00edmicos.<\/li>\n<li>El sistema no afecta el sabor ni el olor, asegurando que su familia disfrute de agua m\u00e1s limpia y sabrosa en los a\u00f1os venideros.<\/li>\n<\/ul>\n<h3><span class=\"goog-text-highlight\">Salvaguardar Contra la Contaminaci\u00f3n<\/span><\/h3>\n<ul>\n<li>Los sistemas UV de Auelik destruyen el 99.9% de los pat\u00f3genos, virus y bacterias da\u00f1inos para proteger su hogar contra el agua contaminada.\u00a0Los pat\u00f3genos microsc\u00f3picos que incluyen E. Coli, Cryptosporidium y Giardia pueden infiltrarse en el agua debido al envejecimiento de la infraestructura, cortes de energ\u00eda, inundaciones o roturas de la l\u00ednea de agua.<\/li>\n<li>Las alertas de hervir el agua se emiten cuando un suministro municipal de agua ha sido contaminado por organismos que causan enfermedades.<\/li>\n<li>Adem\u00e1s, es muy importante para los propietarios de pozos privados, cuyos sistemas no regulados enfrentan un entorno en constante cambio.<\/li>\n<\/ul>\n[\/vc_column_text][\/vc_column_inner][\/vc_row_inner][\/vc_column][\/vc_row][vc_row type=\u00bbfull_width_background\u00bb full_screen_row_position=\u00bbmiddle\u00bb bg_color=\u00bb#ffffff\u00bb scene_position=\u00bbcenter\u00bb text_color=\u00bbdark\u00bb text_align=\u00bbleft\u00bb top_padding=\u00bb5%\u00bb bottom_padding=\u00bb5%\u00bb overlay_strength=\u00bb0.3&#8243; shape_divider_position=\u00bbbottom\u00bb bg_image_animation=\u00bbnone\u00bb shape_type=\u00bb\u00bb][vc_column column_padding=\u00bbno-extra-padding\u00bb column_padding_position=\u00bball\u00bb background_color_opacity=\u00bb1&#8243; background_hover_color_opacity=\u00bb1&#8243; column_link_target=\u00bb_self\u00bb column_shadow=\u00bbnone\u00bb column_border_radius=\u00bbnone\u00bb width=\u00bb1\/1&#8243; tablet_width_inherit=\u00bbdefault\u00bb tablet_text_alignment=\u00bbdefault\u00bb phone_text_alignment=\u00bbdefault\u00bb column_border_width=\u00bbnone\u00bb column_border_style=\u00bbsolid\u00bb bg_image_animation=\u00bbnone\u00bb][vc_row_inner column_margin=\u00bbdefault\u00bb text_align=\u00bbleft\u00bb][vc_column_inner column_padding=\u00bbpadding-5-percent\u00bb column_padding_position=\u00bbleft-right\u00bb background_color_opacity=\u00bb1&#8243; background_hover_color_opacity=\u00bb1&#8243; column_shadow=\u00bbnone\u00bb column_border_radius=\u00bbnone\u00bb column_link_target=\u00bb_self\u00bb width=\u00bb1\/1&#8243; tablet_width_inherit=\u00bbdefault\u00bb column_border_width=\u00bbnone\u00bb column_border_style=\u00bbsolid\u00bb bg_image_animation=\u00bbnone\u00bb][vc_custom_heading text=\u00bbEl sistema Trojan UVMax (Modelos A &#8211; F)\u00bb font_container=\u00bbtag:h2|font_size:35px|text_align:left|color:%23030d31&#8243; google_fonts=\u00bbfont_family:Roboto%3A100%2C100italic%2C300%2C300italic%2Cregular%2Citalic%2C500%2C500italic%2C700%2C700italic%2C900%2C900italic|font_style:500%20bold%20regular%3A500%3Anormal\u00bb]<div class=\"divider-wrap\" data-alignment=\"default\"><div style=\"height: 50px;\" class=\"divider\"><\/div><\/div>[vc_column_text]\n<h3><strong>L\u00e1mparas UV de alto rendimiento<\/strong><\/h3>\n<p>La luz UV se genera a partir de una l\u00e1mpara de baja presi\u00f3n y alto rendimiento.\u00a0Las l\u00e1mparas proporcionan una alta intensidad de luz ultravioleta, lo que permite tratar un volumen determinado de agua con unidades peque\u00f1as y m\u00e1s eficaces.<\/p>\n<h3><strong>Un dise\u00f1o \u00fanico de c\u00e1mara de agua<\/strong><\/h3>\n<p>La c\u00e1mara de agua exclusiva de Trojan optimiza el rendimiento hidr\u00e1ulico y aumenta la eficiencia de desinfecci\u00f3n.<\/p>\n<h3><strong>Nueva tecnolog\u00eda de suministro de energ\u00eda<\/strong><\/h3>\n<p>Los avances electr\u00f3nicos en la fuente de alimentaci\u00f3n de Trojan ofrecen flexibilidad en una amplia gama de fuentes de voltaje (90-250V).\u00a0La fuente de alimentaci\u00f3n puede soportar fluctuaciones en el voltaje que la mayor\u00eda de las fuentes de alimentaci\u00f3n no pueden tolerar mientras mantiene la intensidad de la l\u00e1mpara para garantizar una desinfecci\u00f3n continua.<\/p>\n<h3><strong>UVMax le recuerda que reemplace la l\u00e1mpara<\/strong><\/h3>\n<p>Trojan ha incorporado se\u00f1ales visuales y de audio para ayudarlo a recordar cu\u00e1ndo cambiar la l\u00e1mpara.\u00a0En cualquier momento, la pantalla le indicar\u00e1 cu\u00e1ntos d\u00edas quedan hasta que cambie su pr\u00f3xima l\u00e1mpara.\u00a0Si su l\u00e1mpara alguna vez falla, su sistema har\u00e1 sonar autom\u00e1ticamente una alarma.<\/p>\n<h3><strong>Dispositivo de monitoreo de intensidad UV<\/strong><\/h3>\n<p>La versi\u00f3n premium, UVMaxPlus, incorpora una nueva e innovadora tecnolog\u00eda de monitoreo de intensidad UV.\u00a0El nuevo dise\u00f1o mejora la confiabilidad y precisi\u00f3n de esta caracter\u00edstica de seguridad opcional.[\/vc_column_text][\/vc_column_inner][\/vc_row_inner][\/vc_column][\/vc_row][vc_row type=\u00bbfull_width_content\u00bb full_screen_row_position=\u00bbmiddle\u00bb scene_position=\u00bbcenter\u00bb text_color=\u00bbdark\u00bb text_align=\u00bbleft\u00bb id=\u00bbauelikspanish\u00bb overlay_strength=\u00bb0.3&#8243; shape_divider_position=\u00bbbottom\u00bb bg_image_animation=\u00bbnone\u00bb shape_type=\u00bb\u00bb][vc_column column_padding=\u00bbno-extra-padding\u00bb column_padding_position=\u00bball\u00bb background_color_opacity=\u00bb1&#8243; background_hover_color_opacity=\u00bb1&#8243; column_link_target=\u00bb_self\u00bb column_shadow=\u00bbnone\u00bb column_border_radius=\u00bbnone\u00bb width=\u00bb1\/1&#8243; tablet_width_inherit=\u00bbdefault\u00bb tablet_text_alignment=\u00bbdefault\u00bb phone_text_alignment=\u00bbdefault\u00bb column_border_width=\u00bbnone\u00bb column_border_style=\u00bbsolid\u00bb bg_image_animation=\u00bbnone\u00bb][vc_raw_html]JTVCd2NlX2NvZGUlMjBpZCUzRDMlNUQ=[\/vc_raw_html][\/vc_column][\/vc_row][vc_row type=\u00bbfull_width_background\u00bb full_screen_row_position=\u00bbmiddle\u00bb scene_position=\u00bbcenter\u00bb text_color=\u00bbdark\u00bb text_align=\u00bbleft\u00bb id=\u00bbauelikspanish\u00bb overlay_strength=\u00bb0.3&#8243; shape_divider_position=\u00bbbottom\u00bb bg_image_animation=\u00bbnone\u00bb shape_type=\u00bb\u00bb][vc_column column_padding=\u00bbno-extra-padding\u00bb column_padding_position=\u00bball\u00bb background_color_opacity=\u00bb1&#8243; background_hover_color_opacity=\u00bb1&#8243; column_link_target=\u00bb_self\u00bb column_shadow=\u00bbnone\u00bb column_border_radius=\u00bbnone\u00bb width=\u00bb1\/1&#8243; tablet_width_inherit=\u00bbdefault\u00bb tablet_text_alignment=\u00bbdefault\u00bb phone_text_alignment=\u00bbdefault\u00bb column_border_width=\u00bbnone\u00bb column_border_style=\u00bbsolid\u00bb bg_image_animation=\u00bbnone\u00bb][vc_raw_html]JTVCd2NlX2NvZGUlMjBpZCUzRDElNUQlMDk=[\/vc_raw_html][\/vc_column][\/vc_row][vc_row type=\u00bbfull_width_content\u00bb full_screen_row_position=\u00bbmiddle\u00bb scene_position=\u00bbcenter\u00bb text_color=\u00bbdark\u00bb text_align=\u00bbleft\u00bb id=\u00bbauelikspanish\u00bb overlay_strength=\u00bb0.3&#8243; shape_divider_position=\u00bbbottom\u00bb bg_image_animation=\u00bbnone\u00bb shape_type=\u00bb\u00bb][vc_column column_padding=\u00bbno-extra-padding\u00bb column_padding_position=\u00bball\u00bb background_color_opacity=\u00bb1&#8243; background_hover_color_opacity=\u00bb1&#8243; column_link_target=\u00bb_self\u00bb column_shadow=\u00bbnone\u00bb column_border_radius=\u00bbnone\u00bb width=\u00bb1\/1&#8243; tablet_width_inherit=\u00bbdefault\u00bb tablet_text_alignment=\u00bbdefault\u00bb phone_text_alignment=\u00bbdefault\u00bb column_border_width=\u00bbnone\u00bb column_border_style=\u00bbsolid\u00bb bg_image_animation=\u00bbnone\u00bb][vc_raw_html]JTVCd2NlX2NvZGUlMjBpZCUzRDIlNUQlMDk=[\/vc_raw_html][\/vc_column][\/vc_row]\n","protected":false},"excerpt":{"rendered":"<p>[vc_row type=\u00bbfull_width_background\u00bb full_screen_row_position=\u00bbmiddle\u00bb bg_color=\u00bb#ffffff\u00bb scene_position=\u00bbcenter\u00bb text_color=\u00bbdark\u00bb text_align=\u00bbleft\u00bb top_padding=\u00bb5%\u00bb bottom_padding=\u00bb5%\u00bb overlay_strength=\u00bb0.3&#8243; shape_divider_position=\u00bbbottom\u00bb bg_image_animation=\u00bbnone\u00bb shape_type=\u00bb\u00bb][vc_column column_padding=\u00bbno-extra-padding\u00bb column_padding_position=\u00bball\u00bb background_color_opacity=\u00bb1&#8243; background_hover_color_opacity=\u00bb1&#8243; column_link_target=\u00bb_self\u00bb column_shadow=\u00bbnone\u00bb column_border_radius=\u00bbnone\u00bb width=\u00bb1\/1&#8243; tablet_width_inherit=\u00bbdefault\u00bb tablet_text_alignment=\u00bbdefault\u00bb phone_text_alignment=\u00bbdefault\u00bb column_border_width=\u00bbnone\u00bb column_border_style=\u00bbsolid\u00bb bg_image_animation=\u00bbnone\u00bb][vc_row_inner column_margin=\u00bbdefault\u00bb text_align=\u00bbleft\u00bb][vc_column_inner column_padding=\u00bbpadding-5-percent\u00bb&#8230;<\/p>\n","protected":false},"author":3,"featured_media":0,"parent":0,"menu_order":0,"comment_status":"closed","ping_status":"closed","template":"","meta":{"footnotes":""},"translation":{"provider":"WPGlobus","version":"3.0.0","language":"es","enabled_languages":["en","es"],"languages":{"en":{"title":true,"content":true,"excerpt":false},"es":{"title":true,"content":true,"excerpt":false}}},"_links":{"self":[{"href":"https:\/\/auelik.com\/es\/wp-json\/wp\/v2\/pages\/2718"}],"collection":[{"href":"https:\/\/auelik.com\/es\/wp-json\/wp\/v2\/pages"}],"about":[{"href":"https:\/\/auelik.com\/es\/wp-json\/wp\/v2\/types\/page"}],"author":[{"embeddable":true,"href":"https:\/\/auelik.com\/es\/wp-json\/wp\/v2\/users\/3"}],"replies":[{"embeddable":true,"href":"https:\/\/auelik.com\/es\/wp-json\/wp\/v2\/comments?post=2718"}],"version-history":[{"count":17,"href":"https:\/\/auelik.com\/es\/wp-json\/wp\/v2\/pages\/2718\/revisions"}],"predecessor-version":[{"id":3056,"href":"https:\/\/auelik.com\/es\/wp-json\/wp\/v2\/pages\/2718\/revisions\/3056"}],"wp:attachment":[{"href":"https:\/\/auelik.com\/es\/wp-json\/wp\/v2\/media?parent=2718"}],"curies":[{"name":"wp","href":"https:\/\/api.w.org\/{rel}","templated":true}]}}