{"id":2726,"date":"2019-11-14T14:50:54","date_gmt":"2019-11-14T14:50:54","guid":{"rendered":"http:\/\/45t.b49.mywebsitetransfer.com\/?page_id=2726"},"modified":"2020-06-09T19:58:18","modified_gmt":"2020-06-09T19:58:18","slug":"whole-house-salt-water-softener","status":"publish","type":"page","link":"https:\/\/auelik.com\/es\/whole-house-salt-water-softener\/","title":{"rendered":"Whole House Salt Water Softener"},"content":{"rendered":"[vc_row type=\u00bbfull_width_background\u00bb full_screen_row_position=\u00bbmiddle\u00bb bg_color=\u00bb#ffffff\u00bb scene_position=\u00bbcenter\u00bb text_color=\u00bbdark\u00bb text_align=\u00bbleft\u00bb top_padding=\u00bb5%\u00bb bottom_padding=\u00bb5%\u00bb overlay_strength=\u00bb0.3&#8243; shape_divider_position=\u00bbbottom\u00bb bg_image_animation=\u00bbnone\u00bb shape_type=\u00bb\u00bb][vc_column column_padding=\u00bbno-extra-padding\u00bb column_padding_position=\u00bball\u00bb background_color_opacity=\u00bb1&#8243; background_hover_color_opacity=\u00bb1&#8243; column_link_target=\u00bb_self\u00bb column_shadow=\u00bbnone\u00bb column_border_radius=\u00bbnone\u00bb width=\u00bb1\/1&#8243; tablet_width_inherit=\u00bbdefault\u00bb tablet_text_alignment=\u00bbdefault\u00bb phone_text_alignment=\u00bbdefault\u00bb column_border_width=\u00bbnone\u00bb column_border_style=\u00bbsolid\u00bb bg_image_animation=\u00bbnone\u00bb][vc_row_inner column_margin=\u00bbdefault\u00bb text_align=\u00bbleft\u00bb][vc_column_inner column_padding=\u00bbno-extra-padding\u00bb column_padding_position=\u00bball\u00bb background_color_opacity=\u00bb1&#8243; background_hover_color_opacity=\u00bb1&#8243; column_shadow=\u00bbnone\u00bb column_border_radius=\u00bbnone\u00bb column_link_target=\u00bb_self\u00bb width=\u00bb1\/2&#8243; tablet_width_inherit=\u00bbdefault\u00bb column_border_width=\u00bbnone\u00bb column_border_style=\u00bbsolid\u00bb bg_image_animation=\u00bbnone\u00bb]<div class=\"img-with-aniamtion-wrap center\" data-max-width=\"100%\" data-border-radius=\"none\"><div class=\"inner\"><img loading=\"lazy\" decoding=\"async\" data-shadow=\"none\" data-shadow-direction=\"middle\" class=\"img-with-animation skip-lazy \" data-delay=\"0\" height=\"640\" width=\"600\"  data-animation=\"fade-in\" src=\"https:\/\/auelik.com\/wp-content\/uploads\/2019\/12\/auelik-water-filter-1.jpg\" srcset=\"https:\/\/auelik.com\/wp-content\/uploads\/2019\/12\/auelik-water-filter-1.jpg 600w, https:\/\/auelik.com\/wp-content\/uploads\/2019\/12\/auelik-water-filter-1-281x300.jpg 281w\" sizes=\"100vw\" alt=\"\" \/><\/div><\/div>[\/vc_column_inner][vc_column_inner column_padding=\u00bbno-extra-padding\u00bb column_padding_position=\u00bball\u00bb background_color_opacity=\u00bb1&#8243; background_hover_color_opacity=\u00bb1&#8243; column_shadow=\u00bbnone\u00bb column_border_radius=\u00bbnone\u00bb column_link_target=\u00bb_self\u00bb width=\u00bb1\/2&#8243; tablet_width_inherit=\u00bbdefault\u00bb column_border_width=\u00bbnone\u00bb column_border_style=\u00bbsolid\u00bb bg_image_animation=\u00bbnone\u00bb][vc_custom_heading text=\u00bbSUAVIZADOR DE AGUA SALADA AUELIK\u00bb font_container=\u00bbtag:h2|text_align:left|color:%230a0a0a\u00bb google_fonts=\u00bbfont_family:Roboto%3A100%2C100italic%2C300%2C300italic%2Cregular%2Citalic%2C500%2C500italic%2C700%2C700italic%2C900%2C900italic|font_style:500%20bold%20regular%3A500%3Anormal\u00bb][vc_column_text]Suavizadores de Agua de Sal Para Toda la Casa<\/p>\n<p>Nuestro ablandador de agua salada Auelik proporciona agua ablandada con sal o potasio. Nuestros ablandadores de agua a base de sal de la serie Auelik se miden y solo retrolavan cuando es necesario para desperdiciar la menor cantidad de galones posible.<\/p>\n<p>Los ablandadores de agua salada Auelik incluyen:<\/p>\n<ul>\n<li>Tama\u00f1o de tanque grande<\/li>\n<li>Resina de alta capacidad<\/li>\n<li>Cabezal electr\u00f3nico medido f\u00e1cil de programar con garant\u00eda de 5 a\u00f1os<\/li>\n<li>Alto caudal<\/li>\n<li>Bypass est\u00e1ndar<\/li>\n<li>Chaqueta de tanque cromada est\u00e1ndar<\/li>\n<\/ul>\n[\/vc_column_text][\/vc_column_inner][\/vc_row_inner][\/vc_column][\/vc_row][vc_row type=\u00bbfull_width_background\u00bb full_screen_row_position=\u00bbmiddle\u00bb bg_color=\u00bb#ffffff\u00bb scene_position=\u00bbcenter\u00bb text_color=\u00bbdark\u00bb text_align=\u00bbleft\u00bb overlay_strength=\u00bb0.3&#8243; shape_divider_position=\u00bbbottom\u00bb bg_image_animation=\u00bbnone\u00bb shape_type=\u00bb\u00bb][vc_column column_padding=\u00bbno-extra-padding\u00bb column_padding_position=\u00bball\u00bb background_color_opacity=\u00bb1&#8243; background_hover_color_opacity=\u00bb1&#8243; column_link_target=\u00bb_self\u00bb column_shadow=\u00bbnone\u00bb column_border_radius=\u00bbnone\u00bb width=\u00bb1\/1&#8243; tablet_width_inherit=\u00bbdefault\u00bb tablet_text_alignment=\u00bbdefault\u00bb phone_text_alignment=\u00bbdefault\u00bb column_border_width=\u00bbnone\u00bb column_border_style=\u00bbsolid\u00bb bg_image_animation=\u00bbnone\u00bb][vc_row_inner column_margin=\u00bbdefault\u00bb text_align=\u00bbleft\u00bb][vc_column_inner column_padding=\u00bbno-extra-padding\u00bb column_padding_position=\u00bball\u00bb background_color_opacity=\u00bb1&#8243; background_hover_color_opacity=\u00bb1&#8243; column_shadow=\u00bbnone\u00bb column_border_radius=\u00bbnone\u00bb column_link_target=\u00bb_self\u00bb width=\u00bb1\/1&#8243; tablet_width_inherit=\u00bbdefault\u00bb column_border_width=\u00bbnone\u00bb column_border_style=\u00bbsolid\u00bb bg_image_animation=\u00bbnone\u00bb]<div class=\"img-with-aniamtion-wrap center\" data-max-width=\"100%\" data-border-radius=\"none\"><div class=\"inner\"><img loading=\"lazy\" decoding=\"async\" data-shadow=\"none\" data-shadow-direction=\"middle\" class=\"img-with-animation skip-lazy \" data-delay=\"0\" height=\"242\" width=\"1658\"  data-animation=\"fade-in\" src=\"https:\/\/auelik.com\/wp-content\/uploads\/2019\/11\/border-top.jpg\" srcset=\"https:\/\/auelik.com\/wp-content\/uploads\/2019\/11\/border-top.jpg 1658w, https:\/\/auelik.com\/wp-content\/uploads\/2019\/11\/border-top-300x44.jpg 300w, https:\/\/auelik.com\/wp-content\/uploads\/2019\/11\/border-top-768x112.jpg 768w, https:\/\/auelik.com\/wp-content\/uploads\/2019\/11\/border-top-1024x149.jpg 1024w, https:\/\/auelik.com\/wp-content\/uploads\/2019\/11\/border-top-600x88.jpg 600w\" sizes=\"100vw\" alt=\"\" \/><\/div><\/div>[\/vc_column_inner][\/vc_row_inner][vc_row_inner column_margin=\u00bbdefault\u00bb text_align=\u00bbleft\u00bb css=\u00bb.vc_custom_1573743287434{padding-right: 5% !important;padding-left: 5% !important;}\u00bb][vc_column_inner column_padding=\u00bbno-extra-padding\u00bb column_padding_position=\u00bball\u00bb background_color_opacity=\u00bb1&#8243; background_hover_color_opacity=\u00bb1&#8243; column_shadow=\u00bbnone\u00bb column_border_radius=\u00bbnone\u00bb column_link_target=\u00bb_self\u00bb width=\u00bb1\/2&#8243; tablet_width_inherit=\u00bbdefault\u00bb column_border_width=\u00bbnone\u00bb column_border_style=\u00bbsolid\u00bb bg_image_animation=\u00bbnone\u00bb][vc_column_text]\n<div class=\"column-bg-overlay\"><\/div>\n<div class=\"vc_column-inner\">\n<div class=\"wpb_wrapper\">\n<div class=\"wpb_text_column wpb_content_element \">\n<div class=\"wpb_wrapper\">\n<h3>Tres pasos importantes para suavizar:<\/h3>\n<ol>\n<li><strong>Fase de retrolavado:<\/strong>\u00a0\u202felimina la suciedad del tanque de minerales y forma parte del proceso de regeneraci\u00f3n.<\/li>\n<li><strong>Fase de regeneraci\u00f3n:<\/strong>\u00a0\u202fel tanque de minerales se recarga con sodio de la soluci\u00f3n del tanque de salmuera y desplaza el calcio y el magnesio, que luego se lavan por el drenaje durante la fase de retrolavado.<\/li>\n<li><strong>Fase de enjuague:<\/strong>\u00a0\u202fel tanque de minerales se enjuaga con agua dulce y carga el tanque de salmuera para que est\u00e9 listo para el pr\u00f3ximo ciclo.<br \/>\nA medida que el agua pasa a trav\u00e9s del tanque de minerales, los iones de calcio y magnesio cargados positivamente se pierden para cargar negativamente las cuentas de pl\u00e1stico.\u00a0El tanque de salmuera contiene una soluci\u00f3n de agua y sal que enjuagar\u00e1 el tanque de minerales y reemplazar\u00e1 los iones de calcio y magnesio con sodio.\u00a0Los ciclos de recarga son controlados por el medidor en la parte superior del tanque (normalmente una vez cada 7 d\u00edas).<\/li>\n<\/ol>\n<\/div>\n<\/div>\n<\/div>\n<\/div>\n[\/vc_column_text][\/vc_column_inner][vc_column_inner column_padding=\u00bbno-extra-padding\u00bb column_padding_position=\u00bball\u00bb background_color_opacity=\u00bb1&#8243; background_hover_color_opacity=\u00bb1&#8243; column_shadow=\u00bbnone\u00bb column_border_radius=\u00bbnone\u00bb column_link_target=\u00bb_self\u00bb width=\u00bb1\/2&#8243; tablet_width_inherit=\u00bbdefault\u00bb column_border_width=\u00bbnone\u00bb column_border_style=\u00bbsolid\u00bb bg_image_animation=\u00bbnone\u00bb][vc_column_text]\n<h3>Caracter\u00edsticas de los suavizantes de sal:<\/h3>\n<ul>\n<li>Microprocesador de estado s\u00f3lido con f\u00e1cil configuraci\u00f3n del panel frontal<\/li>\n<li>Tres modos de operaci\u00f3n: Medidor inmediato, Medidor retrasado, Reloj temporizado retrasado<\/li>\n<li>Doble funci\u00f3n de retrolavado, que ofrece una regeneraci\u00f3n, limpieza y eficiencia \u00f3ptimas<\/li>\n<li>36 ciclos de regeneraci\u00f3n preprogramados seleccionables<\/li>\n<li>D\u00edas de anulaci\u00f3n destacados 1-28 d\u00edas disponibles<\/li>\n<li>Capacidad de retrolavado y salmuera a tanques de 21 \u00abde di\u00e1metro<\/li>\n<li>Regeneraci\u00f3n de flujo descendente<\/li>\n<li>Almacena la configuraci\u00f3n del sistema y los datos de operaci\u00f3n en memoria no vol\u00e1til<\/li>\n<li>Bater\u00eda de respaldo con hasta 8 horas de transferencia de energ\u00eda<\/li>\n<li>El transformador de 12 voltios proporciona una instalaci\u00f3n segura y f\u00e1cil<\/li>\n<li>Proporciona un servicio \u00f3ptimo y tasas de retrolavado<\/li>\n<li>Recarga regenerada de agua tratada<\/li>\n<\/ul>\n[\/vc_column_text][\/vc_column_inner][\/vc_row_inner]<div class=\"img-with-aniamtion-wrap center\" data-max-width=\"100%\" data-border-radius=\"none\"><div class=\"inner\"><img loading=\"lazy\" decoding=\"async\" data-shadow=\"none\" data-shadow-direction=\"middle\" class=\"img-with-animation skip-lazy \" data-delay=\"0\" height=\"242\" width=\"1658\"  data-animation=\"fade-in\" src=\"https:\/\/auelik.com\/wp-content\/uploads\/2019\/11\/border-bottom.jpg\" srcset=\"https:\/\/auelik.com\/wp-content\/uploads\/2019\/11\/border-bottom.jpg 1658w, https:\/\/auelik.com\/wp-content\/uploads\/2019\/11\/border-bottom-300x44.jpg 300w, https:\/\/auelik.com\/wp-content\/uploads\/2019\/11\/border-bottom-768x112.jpg 768w, https:\/\/auelik.com\/wp-content\/uploads\/2019\/11\/border-bottom-1024x149.jpg 1024w, https:\/\/auelik.com\/wp-content\/uploads\/2019\/11\/border-bottom-600x88.jpg 600w\" sizes=\"100vw\" alt=\"\" \/><\/div><\/div>[\/vc_column][\/vc_row][vc_row type=\u00bbfull_width_background\u00bb full_screen_row_position=\u00bbmiddle\u00bb bg_color=\u00bb#ffffff\u00bb scene_position=\u00bbcenter\u00bb text_color=\u00bbdark\u00bb text_align=\u00bbleft\u00bb top_padding=\u00bb5%\u00bb bottom_padding=\u00bb5%\u00bb overlay_strength=\u00bb0.3&#8243; shape_divider_position=\u00bbbottom\u00bb bg_image_animation=\u00bbnone\u00bb shape_type=\u00bb\u00bb][vc_column column_padding=\u00bbno-extra-padding\u00bb column_padding_position=\u00bball\u00bb background_color_opacity=\u00bb1&#8243; background_hover_color_opacity=\u00bb1&#8243; column_link_target=\u00bb_self\u00bb column_shadow=\u00bbnone\u00bb column_border_radius=\u00bbnone\u00bb width=\u00bb1\/3&#8243; tablet_width_inherit=\u00bbdefault\u00bb tablet_text_alignment=\u00bbdefault\u00bb phone_text_alignment=\u00bbdefault\u00bb column_border_width=\u00bbnone\u00bb column_border_style=\u00bbsolid\u00bb bg_image_animation=\u00bbnone\u00bb]<div class=\"img-with-aniamtion-wrap center\" data-max-width=\"100%\" data-border-radius=\"none\"><div class=\"inner\"><img loading=\"lazy\" decoding=\"async\" data-shadow=\"none\" data-shadow-direction=\"middle\" class=\"img-with-animation skip-lazy \" data-delay=\"0\" height=\"300\" width=\"219\"  data-animation=\"fade-in\" src=\"https:\/\/auelik.com\/wp-content\/uploads\/2020\/01\/filter-with-logo.jpg\"  alt=\"\" \/><\/div><\/div>[\/vc_column][vc_column column_padding=\u00bbno-extra-padding\u00bb column_padding_position=\u00bball\u00bb background_color_opacity=\u00bb1&#8243; background_hover_color_opacity=\u00bb1&#8243; column_link_target=\u00bb_self\u00bb column_shadow=\u00bbnone\u00bb column_border_radius=\u00bbnone\u00bb width=\u00bb2\/3&#8243; tablet_width_inherit=\u00bbdefault\u00bb tablet_text_alignment=\u00bbdefault\u00bb phone_text_alignment=\u00bbdefault\u00bb column_border_width=\u00bbnone\u00bb column_border_style=\u00bbsolid\u00bb bg_image_animation=\u00bbnone\u00bb][vc_column_text]\n<h3>Modos de operaci\u00f3n del medidor<\/h3>\n<p><strong>Medidor Inmediato<\/strong>\u00a0\u00a0: cuando la pantalla de Volumen restante de agua ha alcanzado cero galones, se iniciar\u00e1 un ciclo de regeneraci\u00f3n de inmediato.<\/p>\n<p><strong>Medidor retrasado<\/strong>\u00a0\u00a0: cuando la pantalla de Volumen restante de agua ha alcanzado cero galones, se iniciar\u00e1 un ciclo de regeneraci\u00f3n a la hora del d\u00eda de regeneraci\u00f3n predeterminada elegida durante la configuraci\u00f3n (es decir, 1:00 a.m.).<\/p>\n<p><strong>Reloj de tiempo retrasado<\/strong>\u00a0\u00a0: cuando la v\u00e1lvula alcanza los d\u00edas establecidos desde la regeneraci\u00f3n, se iniciar\u00e1 un ciclo de regeneraci\u00f3n en la hora del d\u00eda de regeneraci\u00f3n del turbo preajustada elegida durante la configuraci\u00f3n (es decir, 1:00 a.m.).\u00a0Este evento ocurre independientemente de que la pantalla de Volumen de agua restante haya alcanzado cero galones.[\/vc_column_text][\/vc_column][\/vc_row][vc_row type=\u00bbfull_width_background\u00bb full_screen_row_position=\u00bbmiddle\u00bb scene_position=\u00bbcenter\u00bb text_color=\u00bbdark\u00bb text_align=\u00bbleft\u00bb id=\u00bbauelikspanish\u00bb overlay_strength=\u00bb0.3&#8243; shape_divider_position=\u00bbbottom\u00bb bg_image_animation=\u00bbnone\u00bb shape_type=\u00bb\u00bb][vc_column column_padding=\u00bbno-extra-padding\u00bb column_padding_position=\u00bball\u00bb background_color_opacity=\u00bb1&#8243; background_hover_color_opacity=\u00bb1&#8243; column_link_target=\u00bb_self\u00bb column_shadow=\u00bbnone\u00bb column_border_radius=\u00bbnone\u00bb width=\u00bb1\/1&#8243; tablet_width_inherit=\u00bbdefault\u00bb tablet_text_alignment=\u00bbdefault\u00bb phone_text_alignment=\u00bbdefault\u00bb column_border_width=\u00bbnone\u00bb column_border_style=\u00bbsolid\u00bb bg_image_animation=\u00bbnone\u00bb][vc_raw_html]JTVCd2NlX2NvZGUlMjBpZCUzRDElNUQlMDk=[\/vc_raw_html][\/vc_column][\/vc_row][vc_row type=\u00bbfull_width_content\u00bb full_screen_row_position=\u00bbmiddle\u00bb scene_position=\u00bbcenter\u00bb text_color=\u00bbdark\u00bb text_align=\u00bbleft\u00bb id=\u00bbauelikspanish\u00bb overlay_strength=\u00bb0.3&#8243; shape_divider_position=\u00bbbottom\u00bb bg_image_animation=\u00bbnone\u00bb shape_type=\u00bb\u00bb][vc_column column_padding=\u00bbno-extra-padding\u00bb column_padding_position=\u00bball\u00bb background_color_opacity=\u00bb1&#8243; background_hover_color_opacity=\u00bb1&#8243; column_link_target=\u00bb_self\u00bb column_shadow=\u00bbnone\u00bb column_border_radius=\u00bbnone\u00bb width=\u00bb1\/1&#8243; tablet_width_inherit=\u00bbdefault\u00bb tablet_text_alignment=\u00bbdefault\u00bb phone_text_alignment=\u00bbdefault\u00bb column_border_width=\u00bbnone\u00bb column_border_style=\u00bbsolid\u00bb bg_image_animation=\u00bbnone\u00bb][vc_raw_html]JTVCd2NlX2NvZGUlMjBpZCUzRDIlNUQlMDk=[\/vc_raw_html][\/vc_column][\/vc_row]\n","protected":false},"excerpt":{"rendered":"<p>[vc_row type=\u00bbfull_width_background\u00bb full_screen_row_position=\u00bbmiddle\u00bb bg_color=\u00bb#ffffff\u00bb scene_position=\u00bbcenter\u00bb text_color=\u00bbdark\u00bb text_align=\u00bbleft\u00bb top_padding=\u00bb5%\u00bb bottom_padding=\u00bb5%\u00bb overlay_strength=\u00bb0.3&#8243; shape_divider_position=\u00bbbottom\u00bb bg_image_animation=\u00bbnone\u00bb shape_type=\u00bb\u00bb][vc_column column_padding=\u00bbno-extra-padding\u00bb column_padding_position=\u00bball\u00bb background_color_opacity=\u00bb1&#8243; background_hover_color_opacity=\u00bb1&#8243; column_link_target=\u00bb_self\u00bb column_shadow=\u00bbnone\u00bb column_border_radius=\u00bbnone\u00bb width=\u00bb1\/1&#8243; tablet_width_inherit=\u00bbdefault\u00bb tablet_text_alignment=\u00bbdefault\u00bb phone_text_alignment=\u00bbdefault\u00bb column_border_width=\u00bbnone\u00bb column_border_style=\u00bbsolid\u00bb bg_image_animation=\u00bbnone\u00bb][vc_row_inner column_margin=\u00bbdefault\u00bb text_align=\u00bbleft\u00bb][vc_column_inner column_padding=\u00bbno-extra-padding\u00bb&#8230;<\/p>\n","protected":false},"author":3,"featured_media":0,"parent":0,"menu_order":0,"comment_status":"closed","ping_status":"closed","template":"","meta":{"footnotes":""},"translation":{"provider":"WPGlobus","version":"3.0.0","language":"es","enabled_languages":["en","es"],"languages":{"en":{"title":true,"content":true,"excerpt":false},"es":{"title":false,"content":true,"excerpt":false}}},"_links":{"self":[{"href":"https:\/\/auelik.com\/es\/wp-json\/wp\/v2\/pages\/2726"}],"collection":[{"href":"https:\/\/auelik.com\/es\/wp-json\/wp\/v2\/pages"}],"about":[{"href":"https:\/\/auelik.com\/es\/wp-json\/wp\/v2\/types\/page"}],"author":[{"embeddable":true,"href":"https:\/\/auelik.com\/es\/wp-json\/wp\/v2\/users\/3"}],"replies":[{"embeddable":true,"href":"https:\/\/auelik.com\/es\/wp-json\/wp\/v2\/comments?post=2726"}],"version-history":[{"count":23,"href":"https:\/\/auelik.com\/es\/wp-json\/wp\/v2\/pages\/2726\/revisions"}],"predecessor-version":[{"id":3049,"href":"https:\/\/auelik.com\/es\/wp-json\/wp\/v2\/pages\/2726\/revisions\/3049"}],"wp:attachment":[{"href":"https:\/\/auelik.com\/es\/wp-json\/wp\/v2\/media?parent=2726"}],"curies":[{"name":"wp","href":"https:\/\/api.w.org\/{rel}","templated":true}]}}