{"id":2745,"date":"2019-11-14T15:13:04","date_gmt":"2019-11-14T15:13:04","guid":{"rendered":"http:\/\/45t.b49.mywebsitetransfer.com\/?page_id=2745"},"modified":"2020-06-09T20:58:01","modified_gmt":"2020-06-09T20:58:01","slug":"a-whole-house-water-salt-free-conditioner","status":"publish","type":"page","link":"https:\/\/auelik.com\/es\/a-whole-house-water-salt-free-conditioner\/","title":{"rendered":"A Whole House Water Salt-Free Conditioner"},"content":{"rendered":"[vc_row type=\u00bbfull_width_background\u00bb full_screen_row_position=\u00bbmiddle\u00bb bg_color=\u00bb#ffffff\u00bb scene_position=\u00bbcenter\u00bb text_color=\u00bbdark\u00bb text_align=\u00bbleft\u00bb top_padding=\u00bb5%\u00bb overlay_strength=\u00bb0.3&#8243; shape_divider_position=\u00bbbottom\u00bb bg_image_animation=\u00bbnone\u00bb shape_type=\u00bb\u00bb][vc_column column_padding=\u00bbno-extra-padding\u00bb column_padding_position=\u00bball\u00bb background_color_opacity=\u00bb1&#8243; background_hover_color_opacity=\u00bb1&#8243; column_link_target=\u00bb_self\u00bb column_shadow=\u00bbnone\u00bb column_border_radius=\u00bbnone\u00bb width=\u00bb1\/1&#8243; tablet_width_inherit=\u00bbdefault\u00bb tablet_text_alignment=\u00bbdefault\u00bb phone_text_alignment=\u00bbdefault\u00bb column_border_width=\u00bbnone\u00bb column_border_style=\u00bbsolid\u00bb bg_image_animation=\u00bbnone\u00bb][vc_row_inner column_margin=\u00bbdefault\u00bb text_align=\u00bbleft\u00bb][vc_column_inner column_padding=\u00bbno-extra-padding\u00bb column_padding_position=\u00bball\u00bb background_color_opacity=\u00bb1&#8243; background_hover_color_opacity=\u00bb1&#8243; column_shadow=\u00bbnone\u00bb column_border_radius=\u00bbnone\u00bb column_link_target=\u00bb_self\u00bb width=\u00bb1\/2&#8243; tablet_width_inherit=\u00bbdefault\u00bb column_border_width=\u00bbnone\u00bb column_border_style=\u00bbsolid\u00bb bg_image_animation=\u00bbnone\u00bb]<div class=\"img-with-aniamtion-wrap center\" data-max-width=\"100%\" data-border-radius=\"none\"><div class=\"inner\"><img loading=\"lazy\" decoding=\"async\" data-shadow=\"none\" data-shadow-direction=\"middle\" class=\"img-with-animation skip-lazy \" data-delay=\"0\" height=\"3483\" width=\"3118\"  data-animation=\"fade-in\" src=\"https:\/\/auelik.com\/wp-content\/uploads\/2019\/12\/saltwater-conditioner-transpa.jpg\" srcset=\"https:\/\/auelik.com\/wp-content\/uploads\/2019\/12\/saltwater-conditioner-transpa.jpg 3118w, https:\/\/auelik.com\/wp-content\/uploads\/2019\/12\/saltwater-conditioner-transpa-269x300.jpg 269w, https:\/\/auelik.com\/wp-content\/uploads\/2019\/12\/saltwater-conditioner-transpa-768x858.jpg 768w, https:\/\/auelik.com\/wp-content\/uploads\/2019\/12\/saltwater-conditioner-transpa-917x1024.jpg 917w, https:\/\/auelik.com\/wp-content\/uploads\/2019\/12\/saltwater-conditioner-transpa-600x670.jpg 600w\" sizes=\"100vw\" alt=\"\" \/><\/div><\/div>[\/vc_column_inner][vc_column_inner column_padding=\u00bbno-extra-padding\u00bb column_padding_position=\u00bball\u00bb background_color_opacity=\u00bb1&#8243; background_hover_color_opacity=\u00bb1&#8243; column_shadow=\u00bbnone\u00bb column_border_radius=\u00bbnone\u00bb column_link_target=\u00bb_self\u00bb width=\u00bb1\/2&#8243; tablet_width_inherit=\u00bbdefault\u00bb column_border_width=\u00bbnone\u00bb column_border_style=\u00bbsolid\u00bb bg_image_animation=\u00bbnone\u00bb][vc_custom_heading text=\u00bbUn Acondicionador Sin Sal de Agua Para Toda la Casa\u00bb font_container=\u00bbtag:h2|text_align:left|color:%230a0a0a\u00bb google_fonts=\u00bbfont_family:Roboto%3A100%2C100italic%2C300%2C300italic%2Cregular%2Citalic%2C500%2C500italic%2C700%2C700italic%2C900%2C900italic|font_style:500%20bold%20regular%3A500%3Anormal\u00bb][vc_column_text]Ofrecemos acondicionadores\/antical sin sal premium para toda la casa para brindarle una verdadera experiencia de spa. Con nuestro proceso de etapas m\u00faltiples y medios de alto rendimiento, obtiene agua limpia con gas de cada grifo. Su piel y cabello se sentir\u00e1n mejor desde la primera ducha. No m\u00e1s piel seca con picaz\u00f3n ni olores desagradables de los qu\u00edmicos en su agua. Nuestro acondicionador sin sal para la casa representa la alternativa superior con respecto a tratar los s\u00edntomas de la dureza del agua, sin recurrir a sistemas basados \u200b\u200ben el intercambio i\u00f3nico (sal) ya que la cantidad de agua desperdiciada y la liberaci\u00f3n de sal al medio ambiente son cada vez m\u00e1s inaceptables.<\/p>\n<p>En nuestros sistemas, utilizamos los medios de tratamiento de agua Filtersorb SP3\u00ae, que reducen o eliminan la formaci\u00f3n de incrustaciones en las superficies de plomer\u00eda internas y externas, as\u00ed como las manchas y rayas normalmente asociadas con el agua dura.\u00a0Filtersorb SP3\u00ae evita la incrustaci\u00f3n al transformar la dureza normalmente disuelta en micropart\u00edculas de cristal no disuelto.\u00a0Estos cristales permanecen suspendidos en el agua y tienen una capacidad muy reducida para reaccionar y adherirse a las superficies como lo hace la dureza disuelta.\u00a0Por lo tanto, el problema de acumulaci\u00f3n interna de incrustaciones en tuber\u00edas, calentadores de agua y accesorios y vidrio se reduce considerablemente.\u00a0A diferencia del agua suavizada con sal est\u00e1ndar, el agua tratada con Filtersorb SP3\u00ae mantiene el contenido mineral esencial beneficioso de su agua y es m\u00e1s saludable para beber.[\/vc_column_text][\/vc_column_inner][\/vc_row_inner]<div class=\"img-with-aniamtion-wrap center\" data-max-width=\"100%\" data-border-radius=\"none\"><div class=\"inner\"><img loading=\"lazy\" decoding=\"async\" data-shadow=\"none\" data-shadow-direction=\"middle\" class=\"img-with-animation skip-lazy \" data-delay=\"0\" height=\"242\" width=\"1658\"  data-animation=\"fade-in\" src=\"https:\/\/auelik.com\/wp-content\/uploads\/2019\/11\/border-bottom.jpg\" srcset=\"https:\/\/auelik.com\/wp-content\/uploads\/2019\/11\/border-bottom.jpg 1658w, https:\/\/auelik.com\/wp-content\/uploads\/2019\/11\/border-bottom-300x44.jpg 300w, https:\/\/auelik.com\/wp-content\/uploads\/2019\/11\/border-bottom-768x112.jpg 768w, https:\/\/auelik.com\/wp-content\/uploads\/2019\/11\/border-bottom-1024x149.jpg 1024w, https:\/\/auelik.com\/wp-content\/uploads\/2019\/11\/border-bottom-600x88.jpg 600w\" sizes=\"100vw\" alt=\"\" \/><\/div><\/div>[\/vc_column][\/vc_row][vc_row type=\u00bbfull_width_background\u00bb full_screen_row_position=\u00bbmiddle\u00bb bg_color=\u00bb#ffffff\u00bb scene_position=\u00bbcenter\u00bb text_color=\u00bbdark\u00bb text_align=\u00bbleft\u00bb top_padding=\u00bb5%\u00bb bottom_padding=\u00bb5%\u00bb overlay_strength=\u00bb0.3&#8243; shape_divider_position=\u00bbbottom\u00bb bg_image_animation=\u00bbnone\u00bb shape_type=\u00bb\u00bb][vc_column column_padding=\u00bbpadding-5-percent\u00bb column_padding_position=\u00bbleft-right\u00bb background_color_opacity=\u00bb1&#8243; background_hover_color_opacity=\u00bb1&#8243; column_link_target=\u00bb_self\u00bb column_shadow=\u00bbnone\u00bb column_border_radius=\u00bbnone\u00bb width=\u00bb1\/1&#8243; tablet_width_inherit=\u00bbdefault\u00bb tablet_text_alignment=\u00bbdefault\u00bb phone_text_alignment=\u00bbdefault\u00bb column_border_width=\u00bbnone\u00bb column_border_style=\u00bbsolid\u00bb bg_image_animation=\u00bbnone\u00bb][vc_column_text]\n<div class=\"wpb_text_column wpb_content_element \">\n<div class=\"wpb_wrapper\">\n<h3>Los beneficios de los filtros \/ acondicionadores sin sal incluyen:<\/h3>\n<\/div>\n<\/div>\n<div class=\"divider-wrap\" data-alignment=\"default\"><\/div>\n[\/vc_column_text]<div class=\"divider-wrap\" data-alignment=\"default\"><div style=\"height: 50px;\" class=\"divider\"><\/div><\/div>[vc_row_inner column_margin=\u00bbdefault\u00bb text_align=\u00bbleft\u00bb][vc_column_inner column_padding=\u00bbno-extra-padding\u00bb column_padding_position=\u00bball\u00bb background_color_opacity=\u00bb1&#8243; background_hover_color_opacity=\u00bb1&#8243; column_shadow=\u00bbnone\u00bb column_border_radius=\u00bbnone\u00bb column_link_target=\u00bb_self\u00bb width=\u00bb1\/2&#8243; tablet_width_inherit=\u00bbdefault\u00bb column_border_width=\u00bbnone\u00bb column_border_style=\u00bbsolid\u00bb bg_image_animation=\u00bbnone\u00bb][vc_column_text]\n<ul>\n<li>Las ba\u00f1eras, duchas y puertas de ducha ya no est\u00e1n cubiertas de espuma de jab\u00f3n.<\/li>\n<li>Los fregaderos y los grifos son m\u00e1s limpios con poca o ninguna acumulaci\u00f3n de incrustaciones<\/li>\n<li>La ropa es m\u00e1s limpia y brillante.<\/li>\n<li>La ropa, las s\u00e1banas y las toallas son mucho m\u00e1s suaves al tacto.<\/li>\n<\/ul>\n[\/vc_column_text][\/vc_column_inner][vc_column_inner column_padding=\u00bbno-extra-padding\u00bb column_padding_position=\u00bball\u00bb background_color_opacity=\u00bb1&#8243; background_hover_color_opacity=\u00bb1&#8243; column_shadow=\u00bbnone\u00bb column_border_radius=\u00bbnone\u00bb column_link_target=\u00bb_self\u00bb width=\u00bb1\/2&#8243; tablet_width_inherit=\u00bbdefault\u00bb column_border_width=\u00bbnone\u00bb column_border_style=\u00bbsolid\u00bb bg_image_animation=\u00bbnone\u00bb][vc_column_text]\n<ul>\n<li>La piel es m\u00e1s suave y el cabello es m\u00e1s sedoso y m\u00e1s grueso.<\/li>\n<li>El calentador de agua y el calentador de agua sin tanque funcionan de manera m\u00e1s eficiente y duran m\u00e1s<\/li>\n<li>El \u00f3xido y las manchas de agua sucia se eliminan pr\u00e1cticamente<\/li>\n<li>Las tuber\u00edas son m\u00e1s claras con elementos menos corrosivos y sin acumulaci\u00f3n de incrustaciones<\/li>\n<\/ul>\n[\/vc_column_text][\/vc_column_inner][\/vc_row_inner][\/vc_column][\/vc_row][vc_row type=\u00bbfull_width_content\u00bb full_screen_row_position=\u00bbmiddle\u00bb scene_position=\u00bbcenter\u00bb text_color=\u00bbdark\u00bb text_align=\u00bbleft\u00bb id=\u00bbauelikspanish\u00bb overlay_strength=\u00bb0.3&#8243; shape_divider_position=\u00bbbottom\u00bb bg_image_animation=\u00bbnone\u00bb shape_type=\u00bb\u00bb][vc_column column_padding=\u00bbno-extra-padding\u00bb column_padding_position=\u00bball\u00bb background_color_opacity=\u00bb1&#8243; background_hover_color_opacity=\u00bb1&#8243; column_link_target=\u00bb_self\u00bb column_shadow=\u00bbnone\u00bb column_border_radius=\u00bbnone\u00bb width=\u00bb1\/1&#8243; tablet_width_inherit=\u00bbdefault\u00bb tablet_text_alignment=\u00bbdefault\u00bb phone_text_alignment=\u00bbdefault\u00bb column_border_width=\u00bbnone\u00bb column_border_style=\u00bbsolid\u00bb bg_image_animation=\u00bbnone\u00bb][vc_raw_html]JTVCd2NlX2NvZGUlMjBpZCUzRDMlNUQ=[\/vc_raw_html][\/vc_column][\/vc_row][vc_row type=\u00bbfull_width_background\u00bb full_screen_row_position=\u00bbmiddle\u00bb scene_position=\u00bbcenter\u00bb text_color=\u00bbdark\u00bb text_align=\u00bbleft\u00bb id=\u00bbauelikspanish\u00bb overlay_strength=\u00bb0.3&#8243; shape_divider_position=\u00bbbottom\u00bb bg_image_animation=\u00bbnone\u00bb shape_type=\u00bb\u00bb][vc_column column_padding=\u00bbno-extra-padding\u00bb column_padding_position=\u00bball\u00bb background_color_opacity=\u00bb1&#8243; background_hover_color_opacity=\u00bb1&#8243; column_link_target=\u00bb_self\u00bb column_shadow=\u00bbnone\u00bb column_border_radius=\u00bbnone\u00bb width=\u00bb1\/1&#8243; tablet_width_inherit=\u00bbdefault\u00bb tablet_text_alignment=\u00bbdefault\u00bb phone_text_alignment=\u00bbdefault\u00bb column_border_width=\u00bbnone\u00bb column_border_style=\u00bbsolid\u00bb bg_image_animation=\u00bbnone\u00bb][vc_raw_html]JTVCd2NlX2NvZGUlMjBpZCUzRDElNUQlMDk=[\/vc_raw_html][\/vc_column][\/vc_row][vc_row type=\u00bbfull_width_content\u00bb full_screen_row_position=\u00bbmiddle\u00bb scene_position=\u00bbcenter\u00bb text_color=\u00bbdark\u00bb text_align=\u00bbleft\u00bb id=\u00bbauelikspanish\u00bb overlay_strength=\u00bb0.3&#8243; shape_divider_position=\u00bbbottom\u00bb bg_image_animation=\u00bbnone\u00bb shape_type=\u00bb\u00bb][vc_column column_padding=\u00bbno-extra-padding\u00bb column_padding_position=\u00bball\u00bb background_color_opacity=\u00bb1&#8243; background_hover_color_opacity=\u00bb1&#8243; column_link_target=\u00bb_self\u00bb column_shadow=\u00bbnone\u00bb column_border_radius=\u00bbnone\u00bb width=\u00bb1\/1&#8243; tablet_width_inherit=\u00bbdefault\u00bb tablet_text_alignment=\u00bbdefault\u00bb phone_text_alignment=\u00bbdefault\u00bb column_border_width=\u00bbnone\u00bb column_border_style=\u00bbsolid\u00bb bg_image_animation=\u00bbnone\u00bb][vc_raw_html]JTVCd2NlX2NvZGUlMjBpZCUzRDIlNUQlMDk=[\/vc_raw_html][\/vc_column][\/vc_row]\n","protected":false},"excerpt":{"rendered":"<p>[vc_row type=\u00bbfull_width_background\u00bb full_screen_row_position=\u00bbmiddle\u00bb bg_color=\u00bb#ffffff\u00bb scene_position=\u00bbcenter\u00bb text_color=\u00bbdark\u00bb text_align=\u00bbleft\u00bb top_padding=\u00bb5%\u00bb overlay_strength=\u00bb0.3&#8243; shape_divider_position=\u00bbbottom\u00bb bg_image_animation=\u00bbnone\u00bb shape_type=\u00bb\u00bb][vc_column column_padding=\u00bbno-extra-padding\u00bb column_padding_position=\u00bball\u00bb background_color_opacity=\u00bb1&#8243; background_hover_color_opacity=\u00bb1&#8243; column_link_target=\u00bb_self\u00bb column_shadow=\u00bbnone\u00bb column_border_radius=\u00bbnone\u00bb width=\u00bb1\/1&#8243; tablet_width_inherit=\u00bbdefault\u00bb tablet_text_alignment=\u00bbdefault\u00bb phone_text_alignment=\u00bbdefault\u00bb column_border_width=\u00bbnone\u00bb column_border_style=\u00bbsolid\u00bb bg_image_animation=\u00bbnone\u00bb][vc_row_inner column_margin=\u00bbdefault\u00bb text_align=\u00bbleft\u00bb][vc_column_inner column_padding=\u00bbno-extra-padding\u00bb column_padding_position=\u00bball\u00bb&#8230;<\/p>\n","protected":false},"author":3,"featured_media":0,"parent":0,"menu_order":0,"comment_status":"closed","ping_status":"closed","template":"","meta":{"footnotes":""},"translation":{"provider":"WPGlobus","version":"3.0.0","language":"es","enabled_languages":["en","es"],"languages":{"en":{"title":true,"content":true,"excerpt":false},"es":{"title":false,"content":true,"excerpt":false}}},"_links":{"self":[{"href":"https:\/\/auelik.com\/es\/wp-json\/wp\/v2\/pages\/2745"}],"collection":[{"href":"https:\/\/auelik.com\/es\/wp-json\/wp\/v2\/pages"}],"about":[{"href":"https:\/\/auelik.com\/es\/wp-json\/wp\/v2\/types\/page"}],"author":[{"embeddable":true,"href":"https:\/\/auelik.com\/es\/wp-json\/wp\/v2\/users\/3"}],"replies":[{"embeddable":true,"href":"https:\/\/auelik.com\/es\/wp-json\/wp\/v2\/comments?post=2745"}],"version-history":[{"count":16,"href":"https:\/\/auelik.com\/es\/wp-json\/wp\/v2\/pages\/2745\/revisions"}],"predecessor-version":[{"id":3057,"href":"https:\/\/auelik.com\/es\/wp-json\/wp\/v2\/pages\/2745\/revisions\/3057"}],"wp:attachment":[{"href":"https:\/\/auelik.com\/es\/wp-json\/wp\/v2\/media?parent=2745"}],"curies":[{"name":"wp","href":"https:\/\/api.w.org\/{rel}","templated":true}]}}