{"id":2891,"date":"2019-12-17T11:21:09","date_gmt":"2019-12-17T11:21:09","guid":{"rendered":"http:\/\/45t.b49.mywebsitetransfer.com\/?page_id=2891"},"modified":"2020-06-14T12:32:28","modified_gmt":"2020-06-14T12:32:28","slug":"reviews","status":"publish","type":"page","link":"https:\/\/auelik.com\/es\/reviews\/","title":{"rendered":"Reviews"},"content":{"rendered":"[vc_row type=\u00bbfull_width_content\u00bb full_screen_row_position=\u00bbmiddle\u00bb scene_position=\u00bbcenter\u00bb text_color=\u00bbdark\u00bb text_align=\u00bbleft\u00bb overlay_strength=\u00bb0.3&#8243; shape_divider_position=\u00bbbottom\u00bb bg_image_animation=\u00bbnone\u00bb shape_type=\u00bb\u00bb][vc_column column_padding=\u00bbno-extra-padding\u00bb column_padding_position=\u00bball\u00bb background_color_opacity=\u00bb1&#8243; background_hover_color_opacity=\u00bb1&#8243; column_link_target=\u00bb_self\u00bb column_shadow=\u00bbnone\u00bb column_border_radius=\u00bbnone\u00bb width=\u00bb1\/1&#8243; tablet_width_inherit=\u00bbdefault\u00bb tablet_text_alignment=\u00bbdefault\u00bb phone_text_alignment=\u00bbdefault\u00bb column_border_width=\u00bbnone\u00bb column_border_style=\u00bbsolid\u00bb bg_image_animation=\u00bbnone\u00bb][vc_column_text]<div id=\"page-header-wrap\" data-animate-in-effect=\"none\" data-midnight=\"light\" class=\"\" style=\"height: 350px;\">\t    <div class=\"not-loaded \" data-padding-amt=\"normal\" data-animate-in-effect=\"none\" id=\"page-header-bg\" data-midnight=\"light\" data-text-effect=\"none\" data-bg-pos=\"center\" data-alignment=\"center\" data-alignment-v=\"middle\" data-parallax=\"0\" data-height=\"350\" style=\"background-color: #020202;  height:350px;\">\r\n\t\t\t\r\n\t\t\t<div class=\"page-header-bg-image-wrap\" id=\"nectar-page-header-p-wrap\" data-parallax-speed=\"medium\"><div class=\"page-header-bg-image\" style=\"background-image: url(https:\/\/auelik.com\/wp-content\/uploads\/2019\/11\/water-flowing-texture.jpg);\"><\/div><\/div> <div class=\"page-header-overlay-color\" style=\"background-color: #0a0a0a;\"><\/div> \r\n\t\t\t<div class=\"container\">\r\n\t\t\t\t\t\t <div class=\"row\">\r\n\t\t\t\t\t\t\t<div class=\"col span_6 \">\r\n\t\t\t\t\t\t\t\t<div class=\"inner-wrap\">\r\n\t\t\t\t\t\t\t\t\t<h1>LO QUE DICEN NUESTROS CLIENTES<\/h1> \t\t\t\t\t\t\t\t\t<span class=\"subheader\">Vea lo que dicen nuestros clientes sobre Auelik<\/span>\r\n\t\t\t\t\t\t\t\t<\/div>\r\n\t\t\t\t\t\t\t\t \r\n\t\t\t\t\t\t\t\t\t\t\t\t\t\t\t\t<\/div>\r\n\t\t\t\t\t\t  <\/div>\r\n\t\t\t\t\t  \r\n\t\t\t\t\t  \t\t\t\t\t\r\n\t\t\t\t\t\r\n\t\t\t\t\r\n\t\t\t<\/div>\r\n\t\t<\/div>\r\n\r\n\t   <\/div>[\/vc_column_text][\/vc_column][\/vc_row][vc_row type=\u00bbfull_width_content\u00bb full_screen_row_position=\u00bbmiddle\u00bb bg_color=\u00bb#6b58cd\u00bb scene_position=\u00bbcenter\u00bb text_color=\u00bblight\u00bb text_align=\u00bbleft\u00bb top_padding=\u00bb100&#8243; bottom_padding=\u00bb90&#8243; overlay_strength=\u00bb0.3&#8243; shape_divider_position=\u00bbbottom\u00bb bg_image_animation=\u00bbnone\u00bb shape_type=\u00bb\u00bb][vc_column column_padding=\u00bbno-extra-padding\u00bb column_padding_position=\u00bball\u00bb background_color_opacity=\u00bb1&#8243; background_hover_color_opacity=\u00bb1&#8243; column_link_target=\u00bb_self\u00bb column_shadow=\u00bbnone\u00bb column_border_radius=\u00bbnone\u00bb width=\u00bb1\/1&#8243; tablet_width_inherit=\u00bbdefault\u00bb tablet_text_alignment=\u00bbdefault\u00bb phone_text_alignment=\u00bbdefault\u00bb column_border_width=\u00bbnone\u00bb column_border_style=\u00bbsolid\u00bb bg_image_animation=\u00bbnone\u00bb][testimonial_slider style=\u00bbdefault\u00bb star_rating_color=\u00bbaccent-color\u00bb autorotate=\u00bb6500&#8243;][testimonial star_rating=\u00bbnone\u00bb title=\u00bbTestimonial\u00bb id=\u00bb1592137814764-2&#8243; name=\u00bbJohn Sanders Tustin, CA.\u00bb quote=\u00bbTenemos el sistema de agua de \u00d3smosis inversa y estamos muy contentos con esta empresa. Nos sentimos c\u00f3mods al saber que estamos bebiendo agua limpia y segura. Gran calidad y excelentes precios. Altamente recomendado.\u00bb tab_id=\u00bb1592137814765-4&#8243;][testimonial star_rating=\u00bbnone\u00bb title=\u00bbTestimonial\u00bb id=\u00bb1592137814823-1&#8243; name=\u00bbMarie Alvarez Santa Ana, California.\u00bb quote=\u00bbSol\u00edamos comprar agua embotellada todo el tiempo. No solo gastabamos una fortuna, sino que tambi\u00e9n contaminabamos el medio ambiente. Nuestro filtro Auelik nos proporciona agua pura de buen sabor. iMuy satisfechos con nuestra compra!\u00bb tab_id=\u00bb1592137814824-1&#8243;][testimonial star_rating=\u00bbnone\u00bb title=\u00bbTestimonial\u00bb id=\u00bb1592137814878-7&#8243; name=\u00bbRobert Zarlengo San Diego, CA.\u00bb quote=\u00bbInvestigu\u00e9 mucho para un sistema de purificaci\u00f3n de agua. El personal de Auelik respondi\u00f3 a todas mis preguntas y preocupaciones sobre el sistema y los precios. Muy honestos y profesionales. Nunca me senti presionado para hacer una compra. Espero con ansias el agua pura y limpia y no cargar mas botellas de agua.\u00bb tab_id=\u00bb1592137814881-10&#8243;][testimonial star_rating=\u00bbnone\u00bb title=\u00bbTestimonial\u00bb id=\u00bb1592137814953-8&#8243; name=\u00bbBenjamin Crawford Laguna Beach, CA.\u00bb quote=\u00bbTengo que felicitar al equipo de Servicio al Cliente de Auelik por sus excelentes servicios. Tenemos el ablandador de agua de Ia casa Auelik y lo hemos estado usando durante los \u00faltimos 2 meses. Qu\u00e9 gran diferencia ha hecho esta unidad en el sabor del agua cuando Ia bebe, cocina o como se siente durante una ducha. Usaremos sus filtros fielmente de ahora en adelante.<br \/>\niGracias!\u00bb tab_id=\u00bb1592137814954-7&#8243;][\/testimonial_slider][\/vc_column][\/vc_row][vc_row type=\u00bbfull_width_background\u00bb full_screen_row_position=\u00bbmiddle\u00bb equal_height=\u00bbyes\u00bb content_placement=\u00bbmiddle\u00bb bg_color=\u00bb#eaefff\u00bb scene_position=\u00bbcenter\u00bb text_color=\u00bbdark\u00bb text_align=\u00bbleft\u00bb top_padding=\u00bb50&#8243; bottom_padding=\u00bb100&#8243; class=\u00bbyelpbar\u00bb overlay_strength=\u00bb0.3&#8243; shape_divider_position=\u00bbbottom\u00bb bg_image_animation=\u00bbnone\u00bb shape_type=\u00bb\u00bb][vc_column column_padding=\u00bbno-extra-padding\u00bb column_padding_position=\u00bball\u00bb background_color_opacity=\u00bb1&#8243; background_hover_color_opacity=\u00bb1&#8243; column_link_target=\u00bb_self\u00bb column_shadow=\u00bbnone\u00bb column_border_radius=\u00bbnone\u00bb width=\u00bb1\/2&#8243; tablet_width_inherit=\u00bbdefault\u00bb tablet_text_alignment=\u00bbdefault\u00bb phone_text_alignment=\u00bbdefault\u00bb column_border_width=\u00bbnone\u00bb column_border_style=\u00bbsolid\u00bb bg_image_animation=\u00bbnone\u00bb][vc_custom_heading text=\u00bbVE NUESTROS COMENTARIOS EN\u00bb font_container=\u00bbtag:h1|text_align:right|color:%23030d31&#8243; google_fonts=\u00bbfont_family:Roboto%3A100%2C100italic%2C300%2C300italic%2Cregular%2Citalic%2C500%2C500italic%2C700%2C700italic%2C900%2C900italic|font_style:700%20bold%20regular%3A700%3Anormal\u00bb][\/vc_column][vc_column column_padding=\u00bbpadding-3-percent\u00bb column_padding_position=\u00bball\u00bb background_color_opacity=\u00bb1&#8243; background_hover_color_opacity=\u00bb1&#8243; column_link_target=\u00bb_self\u00bb column_shadow=\u00bbnone\u00bb column_border_radius=\u00bbnone\u00bb width=\u00bb1\/2&#8243; tablet_width_inherit=\u00bbdefault\u00bb tablet_text_alignment=\u00bbdefault\u00bb phone_text_alignment=\u00bbdefault\u00bb column_border_width=\u00bbnone\u00bb column_border_style=\u00bbsolid\u00bb bg_image_animation=\u00bbnone\u00bb]<div class=\"img-with-aniamtion-wrap \" data-max-width=\"100%\" data-border-radius=\"none\"><div class=\"inner\"><img loading=\"lazy\" decoding=\"async\" data-shadow=\"none\" data-shadow-direction=\"middle\" class=\"img-with-animation skip-lazy \" data-delay=\"0\" height=\"584\" width=\"1200\"  data-animation=\"fade-in\" src=\"https:\/\/auelik.com\/wp-content\/uploads\/2019\/12\/1200px-Yelp_Logo.svg_.png\" srcset=\"https:\/\/auelik.com\/wp-content\/uploads\/2019\/12\/1200px-Yelp_Logo.svg_.png 1200w, https:\/\/auelik.com\/wp-content\/uploads\/2019\/12\/1200px-Yelp_Logo.svg_-300x146.png 300w, https:\/\/auelik.com\/wp-content\/uploads\/2019\/12\/1200px-Yelp_Logo.svg_-768x374.png 768w, https:\/\/auelik.com\/wp-content\/uploads\/2019\/12\/1200px-Yelp_Logo.svg_-1024x498.png 1024w, https:\/\/auelik.com\/wp-content\/uploads\/2019\/12\/1200px-Yelp_Logo.svg_-600x292.png 600w\" sizes=\"100vw\" alt=\"\" \/><\/div><\/div>[\/vc_column][\/vc_row][vc_row type=\u00bbfull_width_content\u00bb full_screen_row_position=\u00bbmiddle\u00bb scene_position=\u00bbcenter\u00bb text_color=\u00bbdark\u00bb text_align=\u00bbleft\u00bb id=\u00bbauelikspanish\u00bb overlay_strength=\u00bb0.3&#8243; shape_divider_position=\u00bbbottom\u00bb bg_image_animation=\u00bbnone\u00bb shape_type=\u00bb\u00bb][vc_column column_padding=\u00bbno-extra-padding\u00bb column_padding_position=\u00bball\u00bb background_color_opacity=\u00bb1&#8243; background_hover_color_opacity=\u00bb1&#8243; column_link_target=\u00bb_self\u00bb column_shadow=\u00bbnone\u00bb column_border_radius=\u00bbnone\u00bb width=\u00bb1\/1&#8243; tablet_width_inherit=\u00bbdefault\u00bb tablet_text_alignment=\u00bbdefault\u00bb phone_text_alignment=\u00bbdefault\u00bb column_border_width=\u00bbnone\u00bb column_border_style=\u00bbsolid\u00bb bg_image_animation=\u00bbnone\u00bb][vc_raw_html]JTVCd2NlX2NvZGUlMjBpZCUzRDMlNUQ=[\/vc_raw_html][\/vc_column][\/vc_row][vc_row type=\u00bbfull_width_background\u00bb full_screen_row_position=\u00bbmiddle\u00bb scene_position=\u00bbcenter\u00bb text_color=\u00bbdark\u00bb text_align=\u00bbleft\u00bb id=\u00bbauelikspanish\u00bb overlay_strength=\u00bb0.3&#8243; shape_divider_position=\u00bbbottom\u00bb bg_image_animation=\u00bbnone\u00bb shape_type=\u00bb\u00bb][vc_column column_padding=\u00bbno-extra-padding\u00bb column_padding_position=\u00bball\u00bb background_color_opacity=\u00bb1&#8243; background_hover_color_opacity=\u00bb1&#8243; column_link_target=\u00bb_self\u00bb column_shadow=\u00bbnone\u00bb column_border_radius=\u00bbnone\u00bb width=\u00bb1\/1&#8243; tablet_width_inherit=\u00bbdefault\u00bb tablet_text_alignment=\u00bbdefault\u00bb phone_text_alignment=\u00bbdefault\u00bb column_border_width=\u00bbnone\u00bb column_border_style=\u00bbsolid\u00bb bg_image_animation=\u00bbnone\u00bb][vc_raw_html]JTVCd2NlX2NvZGUlMjBpZCUzRDElNUQlMDk=[\/vc_raw_html][\/vc_column][\/vc_row][vc_row type=\u00bbfull_width_content\u00bb full_screen_row_position=\u00bbmiddle\u00bb scene_position=\u00bbcenter\u00bb text_color=\u00bbdark\u00bb text_align=\u00bbleft\u00bb id=\u00bbauelikspanish\u00bb overlay_strength=\u00bb0.3&#8243; shape_divider_position=\u00bbbottom\u00bb bg_image_animation=\u00bbnone\u00bb shape_type=\u00bb\u00bb][vc_column column_padding=\u00bbno-extra-padding\u00bb column_padding_position=\u00bball\u00bb background_color_opacity=\u00bb1&#8243; background_hover_color_opacity=\u00bb1&#8243; column_link_target=\u00bb_self\u00bb column_shadow=\u00bbnone\u00bb column_border_radius=\u00bbnone\u00bb width=\u00bb1\/1&#8243; tablet_width_inherit=\u00bbdefault\u00bb tablet_text_alignment=\u00bbdefault\u00bb phone_text_alignment=\u00bbdefault\u00bb column_border_width=\u00bbnone\u00bb column_border_style=\u00bbsolid\u00bb bg_image_animation=\u00bbnone\u00bb][vc_raw_html]JTVCd2NlX2NvZGUlMjBpZCUzRDIlNUQlMDk=[\/vc_raw_html][\/vc_column][\/vc_row]\n","protected":false},"excerpt":{"rendered":"<p>[vc_row type=\u00bbfull_width_content\u00bb full_screen_row_position=\u00bbmiddle\u00bb scene_position=\u00bbcenter\u00bb text_color=\u00bbdark\u00bb text_align=\u00bbleft\u00bb overlay_strength=\u00bb0.3&#8243; shape_divider_position=\u00bbbottom\u00bb bg_image_animation=\u00bbnone\u00bb shape_type=\u00bb\u00bb][vc_column column_padding=\u00bbno-extra-padding\u00bb column_padding_position=\u00bball\u00bb background_color_opacity=\u00bb1&#8243; background_hover_color_opacity=\u00bb1&#8243; column_link_target=\u00bb_self\u00bb column_shadow=\u00bbnone\u00bb column_border_radius=\u00bbnone\u00bb width=\u00bb1\/1&#8243; tablet_width_inherit=\u00bbdefault\u00bb tablet_text_alignment=\u00bbdefault\u00bb phone_text_alignment=\u00bbdefault\u00bb column_border_width=\u00bbnone\u00bb column_border_style=\u00bbsolid\u00bb bg_image_animation=\u00bbnone\u00bb][vc_column_text][\/vc_column_text][\/vc_column][\/vc_row][vc_row type=\u00bbfull_width_content\u00bb full_screen_row_position=\u00bbmiddle\u00bb bg_color=\u00bb#6b58cd\u00bb scene_position=\u00bbcenter\u00bb text_color=\u00bblight\u00bb text_align=\u00bbleft\u00bb&#8230;<\/p>\n","protected":false},"author":3,"featured_media":0,"parent":0,"menu_order":0,"comment_status":"closed","ping_status":"closed","template":"","meta":{"footnotes":""},"translation":{"provider":"WPGlobus","version":"3.0.0","language":"es","enabled_languages":["en","es"],"languages":{"en":{"title":true,"content":true,"excerpt":false},"es":{"title":false,"content":true,"excerpt":false}}},"_links":{"self":[{"href":"https:\/\/auelik.com\/es\/wp-json\/wp\/v2\/pages\/2891"}],"collection":[{"href":"https:\/\/auelik.com\/es\/wp-json\/wp\/v2\/pages"}],"about":[{"href":"https:\/\/auelik.com\/es\/wp-json\/wp\/v2\/types\/page"}],"author":[{"embeddable":true,"href":"https:\/\/auelik.com\/es\/wp-json\/wp\/v2\/users\/3"}],"replies":[{"embeddable":true,"href":"https:\/\/auelik.com\/es\/wp-json\/wp\/v2\/comments?post=2891"}],"version-history":[{"count":24,"href":"https:\/\/auelik.com\/es\/wp-json\/wp\/v2\/pages\/2891\/revisions"}],"predecessor-version":[{"id":3096,"href":"https:\/\/auelik.com\/es\/wp-json\/wp\/v2\/pages\/2891\/revisions\/3096"}],"wp:attachment":[{"href":"https:\/\/auelik.com\/es\/wp-json\/wp\/v2\/media?parent=2891"}],"curies":[{"name":"wp","href":"https:\/\/api.w.org\/{rel}","templated":true}]}}