{"id":3030,"date":"2020-06-06T14:05:24","date_gmt":"2020-06-06T14:05:24","guid":{"rendered":"http:\/\/45t.b49.mywebsitetransfer.com\/?page_id=3030"},"modified":"2020-06-06T14:17:38","modified_gmt":"2020-06-06T14:17:38","slug":"3-stage-auelik-water-purifier","status":"publish","type":"page","link":"https:\/\/auelik.com\/es\/3-stage-auelik-water-purifier\/","title":{"rendered":"Purificador de 3 etapas AUELIK"},"content":{"rendered":"[vc_row type=\u00bbfull_width_background\u00bb full_screen_row_position=\u00bbmiddle\u00bb bg_color=\u00bb#ffffff\u00bb scene_position=\u00bbcenter\u00bb text_color=\u00bbdark\u00bb text_align=\u00bbleft\u00bb top_padding=\u00bb5%\u00bb bottom_padding=\u00bb5%\u00bb overlay_strength=\u00bb0.3&#8243; shape_divider_position=\u00bbbottom\u00bb bg_image_animation=\u00bbnone\u00bb shape_type=\u00bb\u00bb][vc_column column_padding=\u00bbno-extra-padding\u00bb column_padding_position=\u00bball\u00bb background_color_opacity=\u00bb1&#8243; background_hover_color_opacity=\u00bb1&#8243; column_link_target=\u00bb_self\u00bb column_shadow=\u00bbnone\u00bb column_border_radius=\u00bbnone\u00bb width=\u00bb1\/1&#8243; tablet_width_inherit=\u00bbdefault\u00bb tablet_text_alignment=\u00bbdefault\u00bb phone_text_alignment=\u00bbdefault\u00bb column_border_width=\u00bbnone\u00bb column_border_style=\u00bbsolid\u00bb bg_image_animation=\u00bbnone\u00bb][vc_row_inner column_margin=\u00bbdefault\u00bb text_align=\u00bbleft\u00bb][vc_column_inner column_padding=\u00bbno-extra-padding\u00bb column_padding_position=\u00bball\u00bb background_color_opacity=\u00bb1&#8243; background_hover_color_opacity=\u00bb1&#8243; column_shadow=\u00bbnone\u00bb column_border_radius=\u00bbnone\u00bb column_link_target=\u00bb_self\u00bb width=\u00bb1\/2&#8243; tablet_width_inherit=\u00bbdefault\u00bb column_border_width=\u00bbnone\u00bb column_border_style=\u00bbsolid\u00bb bg_image_animation=\u00bbnone\u00bb]<div class=\"img-with-aniamtion-wrap center\" data-max-width=\"100%\" data-border-radius=\"none\"><div class=\"inner\"><img loading=\"lazy\" decoding=\"async\" data-shadow=\"none\" data-shadow-direction=\"middle\" class=\"img-with-animation skip-lazy \" data-delay=\"0\" height=\"1000\" width=\"1000\"  data-animation=\"fade-in\" src=\"https:\/\/auelik.com\/wp-content\/uploads\/2020\/06\/3-Stage-Big-Blue-Jumbo-Water-Filter.jpg\" srcset=\"https:\/\/auelik.com\/wp-content\/uploads\/2020\/06\/3-Stage-Big-Blue-Jumbo-Water-Filter.jpg 1000w, https:\/\/auelik.com\/wp-content\/uploads\/2020\/06\/3-Stage-Big-Blue-Jumbo-Water-Filter-150x150.jpg 150w, https:\/\/auelik.com\/wp-content\/uploads\/2020\/06\/3-Stage-Big-Blue-Jumbo-Water-Filter-300x300.jpg 300w, https:\/\/auelik.com\/wp-content\/uploads\/2020\/06\/3-Stage-Big-Blue-Jumbo-Water-Filter-768x768.jpg 768w, https:\/\/auelik.com\/wp-content\/uploads\/2020\/06\/3-Stage-Big-Blue-Jumbo-Water-Filter-100x100.jpg 100w, https:\/\/auelik.com\/wp-content\/uploads\/2020\/06\/3-Stage-Big-Blue-Jumbo-Water-Filter-140x140.jpg 140w, https:\/\/auelik.com\/wp-content\/uploads\/2020\/06\/3-Stage-Big-Blue-Jumbo-Water-Filter-500x500.jpg 500w, https:\/\/auelik.com\/wp-content\/uploads\/2020\/06\/3-Stage-Big-Blue-Jumbo-Water-Filter-350x350.jpg 350w, https:\/\/auelik.com\/wp-content\/uploads\/2020\/06\/3-Stage-Big-Blue-Jumbo-Water-Filter-800x800.jpg 800w, https:\/\/auelik.com\/wp-content\/uploads\/2020\/06\/3-Stage-Big-Blue-Jumbo-Water-Filter-600x600.jpg 600w\" sizes=\"100vw\" alt=\"\" \/><\/div><\/div>[\/vc_column_inner][vc_column_inner column_padding=\u00bbno-extra-padding\u00bb column_padding_position=\u00bball\u00bb background_color_opacity=\u00bb1&#8243; background_hover_color_opacity=\u00bb1&#8243; column_shadow=\u00bbnone\u00bb column_border_radius=\u00bbnone\u00bb column_link_target=\u00bb_self\u00bb width=\u00bb1\/2&#8243; tablet_width_inherit=\u00bbdefault\u00bb column_border_width=\u00bbnone\u00bb column_border_style=\u00bbsolid\u00bb bg_image_animation=\u00bbnone\u00bb][vc_custom_heading text=\u00bbPurificador de 3 Etapas AUELIK\u00bb font_container=\u00bbtag:h2|text_align:left|color:%230a0a0a\u00bb google_fonts=\u00bbfont_family:Roboto%3A100%2C100italic%2C300%2C300italic%2Cregular%2Citalic%2C500%2C500italic%2C700%2C700italic%2C900%2C900italic|font_style:500%20bold%20regular%3A500%3Anormal\u00bb][vc_column_text]Nuestro sistema elimina hasta el 99% del cloro en el agua, as\u00ed como sedimentos, \u00f3xido, pesticidas, herbicidas, solventes industriales, COV y otros contaminantes. Este sistema se instala en la l\u00ednea principal de suministro de agua para tratar toda el agua de su hogar.<\/p>\n<p><span data-story-id=\"story_49bf919c043e77cf3f6c0104e703559d\" data-room-id=\"room_f3548b30941480d30f4d42099616677e\" data-timestamp=\"1590808593002\" data-text=\"El filtro de sedimento de polipropileno de alta capacidad de la primera etapa es capaz de lograr una filtraci\u00f3n de hasta 5 micras. Los filtros de bloque de carbono BDC de la segunda y tercera etapa est\u00e1n hechos de carb\u00f3n de c\u00e1scara de coco de alta calidad para una m\u00e1xima eficiencia de filtraci\u00f3n y vida \u00fatil del filtro. Ambos son analizados por un tercer independiente para cumplir con los est\u00e1ndares NSF\/ANSI. Ambos filtros tienen una capacidad de 30,000 galones de agua, suficiente para proveer a una familia de cuatro con agua limpia durante medio a\u00f1o.\" data-userid=\"1174345404784377856\" data-orgid=\"1174345405614903296\">El filtro de sedimento de polipropileno de alta capacidad de la primera etapa es capaz de lograr una filtraci\u00f3n de hasta 5 micras. Los filtros de bloque de carbono BDC de la segunda y tercera etapa est\u00e1n hechos de carb\u00f3n de c\u00e1scara de coco de alta calidad para una m\u00e1xima eficiencia de filtraci\u00f3n y vida \u00fatil del filtro. Ambos son analizados por un tercer independiente para cumplir con los est\u00e1ndares NSF\/ANSI. Ambos filtros tienen una capacidad de 30,000 galones de agua, suficiente para proveer a una familia de cuatro con agua limpia durante medio a\u00f1o.<\/span>[\/vc_column_text][\/vc_column_inner][\/vc_row_inner][\/vc_column][\/vc_row][vc_row type=\u00bbfull_width_content\u00bb full_screen_row_position=\u00bbmiddle\u00bb scene_position=\u00bbcenter\u00bb text_color=\u00bbdark\u00bb text_align=\u00bbleft\u00bb id=\u00bbauelikspanish\u00bb overlay_strength=\u00bb0.3&#8243; shape_divider_position=\u00bbbottom\u00bb bg_image_animation=\u00bbnone\u00bb shape_type=\u00bb\u00bb][vc_column column_padding=\u00bbno-extra-padding\u00bb column_padding_position=\u00bball\u00bb background_color_opacity=\u00bb1&#8243; background_hover_color_opacity=\u00bb1&#8243; column_link_target=\u00bb_self\u00bb column_shadow=\u00bbnone\u00bb column_border_radius=\u00bbnone\u00bb width=\u00bb1\/1&#8243; tablet_width_inherit=\u00bbdefault\u00bb tablet_text_alignment=\u00bbdefault\u00bb phone_text_alignment=\u00bbdefault\u00bb column_border_width=\u00bbnone\u00bb column_border_style=\u00bbsolid\u00bb bg_image_animation=\u00bbnone\u00bb][vc_column_text]<div id=\"call-to-action\">\r\n\t<div class=\"container\">\r\n\t  \r\n\t  <span>Hacemos la mejor soluci\u00f3n para hacer agua pura. <\/span>\r\n\t  <a class=\"nectar-button \r\n\t  regular-button \t  accent-color\" data-color-override=\"false\" href=\"https:\/\/auelik.com\/es\/water-filters\/\" style=\"visibility: visible;\">\r\n\t  Productos<\/a>\r\n\t<\/div>\r\n  <\/div>[\/vc_column_text][\/vc_column][\/vc_row][vc_row type=\u00bbfull_width_background\u00bb full_screen_row_position=\u00bbmiddle\u00bb scene_position=\u00bbcenter\u00bb text_color=\u00bbdark\u00bb text_align=\u00bbleft\u00bb id=\u00bbauelikspanish\u00bb overlay_strength=\u00bb0.3&#8243; shape_divider_position=\u00bbbottom\u00bb bg_image_animation=\u00bbnone\u00bb shape_type=\u00bb\u00bb][vc_column column_padding=\u00bbno-extra-padding\u00bb column_padding_position=\u00bball\u00bb background_color_opacity=\u00bb1&#8243; background_hover_color_opacity=\u00bb1&#8243; column_link_target=\u00bb_self\u00bb column_shadow=\u00bbnone\u00bb column_border_radius=\u00bbnone\u00bb width=\u00bb1\/1&#8243; tablet_width_inherit=\u00bbdefault\u00bb tablet_text_alignment=\u00bbdefault\u00bb phone_text_alignment=\u00bbdefault\u00bb column_border_width=\u00bbnone\u00bb column_border_style=\u00bbsolid\u00bb bg_image_animation=\u00bbnone\u00bb][vc_column_text]<div class=\"wpb_wrapper\">\r\n\t\t\t<style>\r\ndiv#footer-outer {\r\n    display: none;\r\n}div#auelikspanish #footer-outer  {\r\n    display: block;\r\n}.wpcf7-response-output.wpcf7-display-none.wpcf7-mail-sent-ok:before{\r\n    content: 'Gracias por tu mensaje. Ha sido enviado';\r\n     text-indent:0px;\r\nfont-size:15px!important;\r\npadding:10px;\r\n}.wpcf7-response-output.wpcf7-display-none.wpcf7-mail-sent-ok{\r\nfont-size:0px;\r\n}\r\n<\/style>\r\n<div id=\"footer-outer\" data-midnight=\"light\" data-cols=\"3\" data-custom-color=\"true\" data-disable-copyright=\"false\" data-matching-section-color=\"false\" data-copyright-line=\"false\" data-using-bg-img=\"false\" data-bg-img-overlay=\"0.8\" data-full-width=\"false\" data-using-widget-area=\"true\">\r\n\t\r\n  \r\n<div id=\"footer-widgets\" data-cols=\"3\">\r\n  \r\n  <div class=\"container\">\r\n\t\r\n\t\t\r\n\t<div class=\"row\">\r\n\t   \r\n\t  \t   \r\n\t  <div class=\"col span_4\">\r\n\t\t  <!-- Footer widget area 1 -->\r\n\t\t  <div id=\"custom_html-2\" class=\"widget_text widget widget_custom_html\"><div class=\"textwidget custom-html-widget\"><div class=\"footer-title\">\r\n\t<h3 style=\"margin:0px; font-family:'Roboto'\">No dudes en\r\n\r\n<br>\r\n\t<\/h3>\r\n\t<h2 style=\"font-weight:bold;color:#046dae;\">Contactarnos \r\n<\/h2>\r\n<\/div>\r\n<div class=\"footer-contact\">\r\n\t<ul style=\"list-type:none; color:#000;\">\r\n\t\t<li>Tel\u00e9fono : 949.415.6565<\/li>\r\n\t\t<li>Correo electr\u00f3nico: contact@auelik.com<\/li>\r\n\t<\/ul>\r\n<\/div><\/div><\/div>\t  <\/div><!--\/span_3-->\r\n\t   \r\n\t  \r\n\t\t<div class=\"col span_4\">\r\n\t\t   <!-- Footer widget area 2 -->\r\n\t\t\t<div id=\"media_image-2\" class=\"widget widget_media_image\"><img loading=\"lazy\" decoding=\"async\" width=\"808\" height=\"318\" src=\"https:\/\/auelik.com\/wp-content\/uploads\/2020\/06\/final-logo-black-es.png\" class=\"image wp-image-2790 footer-image attachment-full size-full\" alt=\"\" style=\"max-width: 100%; height: auto;\" srcset=\"https:\/\/auelik.com\/wp-content\/uploads\/2020\/06\/final-logo-black-es.png 808w, https:\/\/auelik.com\/wp-content\/uploads\/2020\/12\/final-logo-black-es-300x118.png 300w, https:\/\/auelik.com\/wp-content\/uploads\/2020\/12\/final-logo-black-es-768x302.png 768w, https:\/\/auelik.com\/wp-content\/uploads\/2020\/12\/final-logo-black-es-600x236.png 600w\" sizes=\"(max-width: 808px) 100vw, 808px\"><\/div>\t\t\t\r\n\t\t<\/div><!--\/span_3-->\r\n\r\n\t\t\r\n\t   \r\n\t  \t\t<div class=\"col span_4\">\r\n\t\t   <!-- Footer widget area 3 -->\r\n\t\t\t<div id=\"custom_html-3\" class=\"widget_text widget widget_custom_html\"><div class=\"textwidget custom-html-widget\"><div id=\"footer-form\" class=\"footer-news-title\">\r\n\t<h3 style=\"margin:0px; font-family:'Roboto'; color:#046dae;\">Suscr\u00edbete a nuestro bolet\u00edn<br>\r\n\t<\/h3>\r\n\t<div role=\"form\" class=\"wpcf7\" id=\"wpcf7-f2702-o1\" lang=\"en\" dir=\"ltr\">\r\n<div class=\"screen-reader-response\"><\/div>\r\n<form action=\"\/es\/#wpcf7-f2702-o1\" method=\"post\" class=\"wpcf7-form\" novalidate=\"novalidate\">\r\n<div style=\"display: none;\">\r\n<input type=\"hidden\" name=\"_wpcf7\" value=\"2702\">\r\n<input type=\"hidden\" name=\"_wpcf7_version\" value=\"5.1.4\">\r\n<input type=\"hidden\" name=\"_wpcf7_locale\" value=\"en\">\r\n<input type=\"hidden\" name=\"_wpcf7_unit_tag\" value=\"wpcf7-f2702-o1\">\r\n<input type=\"hidden\" name=\"_wpcf7_container_post\" value=\"0\">\r\n<\/div>\r\n<p style=\"padding-bottom: 0px;\"><span class=\"wpcf7-form-control-wrap your-email\"><input type=\"email\" name=\"your-email\" value=\"\" size=\"40\" class=\"wpcf7-form-control wpcf7-text wpcf7-email wpcf7-validates-as-required wpcf7-validates-as-email\" aria-required=\"true\" aria-invalid=\"false\" placeholder=\"Tu correo electr\u00f3nico\"><\/span><br>\r\n<input type=\"submit\" value=\"Env\u00edar\" class=\"wpcf7-form-control wpcf7-submit\"><span class=\"ajax-loader\"><\/span><span class=\"ajax-loader\"><\/span><span class=\"ajax-loader\"><\/span><span class=\"ajax-loader\"><\/span><\/p>\r\n<div class=\"wpcf7-response-output wpcf7-display-none\"><\/div><\/form><\/div>\r\n<\/div><\/div><\/div>\t\t\t\r\n\t\t<\/div><!--\/span_3-->\r\n\t\t\t   \r\n\t  \t   \r\n\t<\/div><!--\/row-->\r\n\t\r\n\t\t\r\n  <\/div><!--\/container-->\r\n\r\n<\/div><!--\/footer-widgets-->\r\n\r\n\t\r\n\r\n  <!--\/row-->\r\n  \r\n\t\r\n<\/div>\t\r\n\t\t<\/div>[\/vc_column_text][\/vc_column][\/vc_row][vc_row type=\u00bbfull_width_content\u00bb full_screen_row_position=\u00bbmiddle\u00bb scene_position=\u00bbcenter\u00bb text_color=\u00bbdark\u00bb text_align=\u00bbleft\u00bb id=\u00bbauelikspanish\u00bb overlay_strength=\u00bb0.3&#8243; shape_divider_position=\u00bbbottom\u00bb bg_image_animation=\u00bbnone\u00bb shape_type=\u00bb\u00bb][vc_column column_padding=\u00bbno-extra-padding\u00bb column_padding_position=\u00bball\u00bb background_color_opacity=\u00bb1&#8243; background_hover_color_opacity=\u00bb1&#8243; column_link_target=\u00bb_self\u00bb column_shadow=\u00bbnone\u00bb column_border_radius=\u00bbnone\u00bb width=\u00bb1\/1&#8243; tablet_width_inherit=\u00bbdefault\u00bb tablet_text_alignment=\u00bbdefault\u00bb phone_text_alignment=\u00bbdefault\u00bb column_border_width=\u00bbnone\u00bb column_border_style=\u00bbsolid\u00bb bg_image_animation=\u00bbnone\u00bb][vc_column_text]<div class=\"row\" id=\"copyright\" data-layout=\"default\">\r\n\t\r\n\t<div class=\"container\">\r\n\t   \r\n\t\t\t\t<div class=\"col span_5\">\r\n\t\t   \r\n\t\t\t\t\t   \r\n\t\t\t\t\t\t<p><font style=\"vertical-align: inherit;\"><font style=\"vertical-align: inherit;\">\u00a9 2020 Auelik. <\/font><font style=\"vertical-align: inherit;\">Todos los derechos reservados.\t\t\t <\/font><\/font><\/p>\r\n\t\t\t\t\t   \r\n\t\t<\/div><!--\/span_5-->\r\n\t\t\t   \r\n\t  <div class=\"col span_7 col_last\">\r\n\t\t<ul class=\"social\">\r\n\t\t\t\t\t\t   <li><a target=\"_blank\" href=\"https:\/\/translate.googleusercontent.com\/translate_c?depth=1&amp;hl=en&amp;pto=aue&amp;rurl=translate.google.com&amp;sl=en&amp;sp=nmt4&amp;tl=es&amp;u=https:\/\/auelik.com\/&amp;usg=ALkJrhgGtPEmzkLv-dXXzk-wwP6i7ETU1g\"><i class=\"fa fa-twitter\"><\/i> <\/a><\/li> \t\t  \t\t\t <li><a target=\"_blank\" href=\"https:\/\/translate.googleusercontent.com\/translate_c?depth=1&amp;hl=en&amp;pto=aue&amp;rurl=translate.google.com&amp;sl=en&amp;sp=nmt4&amp;tl=es&amp;u=https:\/\/auelik.com\/&amp;usg=ALkJrhgGtPEmzkLv-dXXzk-wwP6i7ETU1g\"><i class=\"fa fa-facebook\"><\/i> <\/a><\/li> \t\t  \t\t\t <li><a target=\"_blank\" href=\"https:\/\/translate.googleusercontent.com\/translate_c?depth=1&amp;hl=en&amp;pto=aue&amp;rurl=translate.google.com&amp;sl=en&amp;sp=nmt4&amp;tl=es&amp;u=https:\/\/auelik.com\/&amp;usg=ALkJrhgGtPEmzkLv-dXXzk-wwP6i7ETU1g\"> <i class=\"fa fa-vimeo\"><\/i> <\/a><\/li> \t\t  \t\t\t <li><a target=\"_blank\" href=\"https:\/\/translate.googleusercontent.com\/translate_c?depth=1&amp;hl=en&amp;pto=aue&amp;rurl=translate.google.com&amp;sl=en&amp;sp=nmt4&amp;tl=es&amp;u=https:\/\/auelik.com\/&amp;usg=ALkJrhgGtPEmzkLv-dXXzk-wwP6i7ETU1g\"><i class=\"fa fa-pinterest\"><\/i> <\/a><\/li> \t\t  \t\t  \t\t\t <li><a target=\"_blank\" href=\"https:\/\/translate.googleusercontent.com\/translate_c?depth=1&amp;hl=en&amp;pto=aue&amp;rurl=translate.google.com&amp;sl=en&amp;sp=nmt4&amp;tl=es&amp;u=https:\/\/auelik.com\/&amp;usg=ALkJrhgGtPEmzkLv-dXXzk-wwP6i7ETU1g\"><i class=\"fa fa-youtube-play\"><\/i> <\/a><\/li> \t\t  \t\t\t <li><a target=\"_blank\" href=\"https:\/\/translate.googleusercontent.com\/translate_c?depth=1&amp;hl=en&amp;pto=aue&amp;rurl=translate.google.com&amp;sl=en&amp;sp=nmt4&amp;tl=es&amp;u=https:\/\/auelik.com\/&amp;usg=ALkJrhgGtPEmzkLv-dXXzk-wwP6i7ETU1g\"><i class=\"fa fa-tumblr\"><\/i> <\/a><\/li> \t\t  \t\t\t <li><a target=\"_blank\" href=\"https:\/\/translate.googleusercontent.com\/translate_c?depth=1&amp;hl=en&amp;pto=aue&amp;rurl=translate.google.com&amp;sl=en&amp;sp=nmt4&amp;tl=es&amp;u=https:\/\/auelik.com\/&amp;usg=ALkJrhgGtPEmzkLv-dXXzk-wwP6i7ETU1g\"><i class=\"fa fa-dribbble\"><\/i> <\/a><\/li> \t\t  \t\t  \t\t  \t\t  \t\t\t <li><a target=\"_blank\" href=\"https:\/\/translate.googleusercontent.com\/translate_c?depth=1&amp;hl=en&amp;pto=aue&amp;rurl=translate.google.com&amp;sl=en&amp;sp=nmt4&amp;tl=es&amp;u=https:\/\/auelik.com\/&amp;usg=ALkJrhgGtPEmzkLv-dXXzk-wwP6i7ETU1g\"><i class=\"fa fa-google-plus\"><\/i> <\/a><\/li> \t\t  \t\t  \t\t  \t\t  \t\t  \t\t  \t\t  \t\t  \t\t  \t\t  \t\t  \t\t  \t\t  \t\t  \t\t  \t\t  \t\t<\/ul>\r\n\t  <\/div><!--\/span_7-->\r\n\r\n\t  \t\r\n\t<\/div><!--\/container-->\r\n\t\r\n  <\/div>[\/vc_column_text][\/vc_column][\/vc_row]\n","protected":false},"excerpt":{"rendered":"<p>[vc_row type=\u00bbfull_width_background\u00bb full_screen_row_position=\u00bbmiddle\u00bb bg_color=\u00bb#ffffff\u00bb scene_position=\u00bbcenter\u00bb text_color=\u00bbdark\u00bb text_align=\u00bbleft\u00bb top_padding=\u00bb5%\u00bb bottom_padding=\u00bb5%\u00bb overlay_strength=\u00bb0.3&#8243; shape_divider_position=\u00bbbottom\u00bb bg_image_animation=\u00bbnone\u00bb shape_type=\u00bb\u00bb][vc_column column_padding=\u00bbno-extra-padding\u00bb column_padding_position=\u00bball\u00bb background_color_opacity=\u00bb1&#8243; background_hover_color_opacity=\u00bb1&#8243; column_link_target=\u00bb_self\u00bb column_shadow=\u00bbnone\u00bb column_border_radius=\u00bbnone\u00bb width=\u00bb1\/1&#8243; tablet_width_inherit=\u00bbdefault\u00bb tablet_text_alignment=\u00bbdefault\u00bb phone_text_alignment=\u00bbdefault\u00bb column_border_width=\u00bbnone\u00bb column_border_style=\u00bbsolid\u00bb bg_image_animation=\u00bbnone\u00bb][vc_row_inner column_margin=\u00bbdefault\u00bb text_align=\u00bbleft\u00bb][vc_column_inner column_padding=\u00bbno-extra-padding\u00bb&#8230;<\/p>\n","protected":false},"author":3,"featured_media":0,"parent":0,"menu_order":0,"comment_status":"closed","ping_status":"closed","template":"","meta":{"footnotes":""},"translation":{"provider":"WPGlobus","version":"3.0.0","language":"es","enabled_languages":["en","es"],"languages":{"en":{"title":true,"content":true,"excerpt":false},"es":{"title":true,"content":true,"excerpt":false}}},"_links":{"self":[{"href":"https:\/\/auelik.com\/es\/wp-json\/wp\/v2\/pages\/3030"}],"collection":[{"href":"https:\/\/auelik.com\/es\/wp-json\/wp\/v2\/pages"}],"about":[{"href":"https:\/\/auelik.com\/es\/wp-json\/wp\/v2\/types\/page"}],"author":[{"embeddable":true,"href":"https:\/\/auelik.com\/es\/wp-json\/wp\/v2\/users\/3"}],"replies":[{"embeddable":true,"href":"https:\/\/auelik.com\/es\/wp-json\/wp\/v2\/comments?post=3030"}],"version-history":[{"count":5,"href":"https:\/\/auelik.com\/es\/wp-json\/wp\/v2\/pages\/3030\/revisions"}],"predecessor-version":[{"id":3036,"href":"https:\/\/auelik.com\/es\/wp-json\/wp\/v2\/pages\/3030\/revisions\/3036"}],"wp:attachment":[{"href":"https:\/\/auelik.com\/es\/wp-json\/wp\/v2\/media?parent=3030"}],"curies":[{"name":"wp","href":"https:\/\/api.w.org\/{rel}","templated":true}]}}