{"id":704,"date":"2013-03-23T13:05:30","date_gmt":"2013-03-23T13:05:30","guid":{"rendered":"http:\/\/themenectar.com\/demo\/salient\/?page_id=20"},"modified":"2023-03-06T18:05:04","modified_gmt":"2023-03-06T18:05:04","slug":"about-auelik","status":"publish","type":"page","link":"https:\/\/auelik.com\/es\/about-auelik\/","title":{"rendered":"About Auelik"},"content":{"rendered":"[vc_row type=\u00bbfull_width_content\u00bb full_screen_row_position=\u00bbmiddle\u00bb scene_position=\u00bbcenter\u00bb text_color=\u00bbdark\u00bb text_align=\u00bbleft\u00bb overlay_strength=\u00bb0.3&#8243; shape_divider_position=\u00bbbottom\u00bb bg_image_animation=\u00bbnone\u00bb shape_type=\u00bb\u00bb][vc_column column_padding=\u00bbno-extra-padding\u00bb column_padding_position=\u00bball\u00bb background_color_opacity=\u00bb1&#8243; background_hover_color_opacity=\u00bb1&#8243; column_link_target=\u00bb_self\u00bb column_shadow=\u00bbnone\u00bb column_border_radius=\u00bbnone\u00bb width=\u00bb1\/1&#8243; tablet_width_inherit=\u00bbdefault\u00bb tablet_text_alignment=\u00bbdefault\u00bb phone_text_alignment=\u00bbdefault\u00bb column_border_width=\u00bbnone\u00bb column_border_style=\u00bbsolid\u00bb bg_image_animation=\u00bbnone\u00bb][vc_column_text]<div id=\"page-header-wrap\" data-animate-in-effect=\"none\" data-midnight=\"light\" class=\"\" style=\"height: 350px;\">\t    <div class=\"not-loaded \" data-padding-amt=\"normal\" data-animate-in-effect=\"none\" id=\"page-header-bg\" data-midnight=\"light\" data-text-effect=\"none\" data-bg-pos=\"center\" data-alignment=\"center\" data-alignment-v=\"middle\" data-parallax=\"0\" data-height=\"350\" style=\"background-color: #020202;  height:350px;\">\r\n\t\t\t\r\n\t\t\t<div class=\"page-header-bg-image-wrap\" id=\"nectar-page-header-p-wrap\" data-parallax-speed=\"medium\"><div class=\"page-header-bg-image\" style=\"background-image: url(https:\/\/auelik.com\/wp-content\/uploads\/2019\/11\/water-flowing-texture.jpg);\"><\/div><\/div> <div class=\"page-header-overlay-color\" style=\"background-color: #0a0a0a;\"><\/div> \r\n\t\t\t<div class=\"container\">\r\n\t\t\t\t\t\t <div class=\"row\">\r\n\t\t\t\t\t\t\t<div class=\"col span_6 \">\r\n\t\t\t\t\t\t\t\t<div class=\"inner-wrap\">\r\n\t\t\t\t\t\t\t\t\t<h1>Sobre Auelik<\/h1> \t\t\t\t\t\t\t\t\t<span class=\"subheader\">Filtro premium \u00a1Agua pura!<\/span>\r\n\t\t\t\t\t\t\t\t<\/div>\r\n\t\t\t\t\t\t\t\t \r\n\t\t\t\t\t\t\t\t\t\t\t\t\t\t\t\t<\/div>\r\n\t\t\t\t\t\t  <\/div>\r\n\t\t\t\t\t  \r\n\t\t\t\t\t  \t\t\t\t\t\r\n\t\t\t\t\t\r\n\t\t\t\t\r\n\t\t\t<\/div>\r\n\t\t<\/div>\r\n\r\n\t   <\/div>[\/vc_column_text][\/vc_column][\/vc_row][vc_row type=\u00bbfull_width_background\u00bb full_screen_row_position=\u00bbmiddle\u00bb bg_color=\u00bb#ffffff\u00bb scene_position=\u00bbcenter\u00bb text_color=\u00bbdark\u00bb text_align=\u00bbleft\u00bb top_padding=\u00bb80&#8243; bottom_padding=\u00bb50&#8243; overlay_strength=\u00bb0.3&#8243; shape_divider_position=\u00bbbottom\u00bb bg_image_animation=\u00bbnone\u00bb shape_type=\u00bb\u00bb][vc_column column_padding=\u00bbpadding-5-percent\u00bb column_padding_position=\u00bbleft\u00bb background_color_opacity=\u00bb1&#8243; background_hover_color_opacity=\u00bb1&#8243; column_link_target=\u00bb_self\u00bb column_shadow=\u00bbnone\u00bb column_border_radius=\u00bbnone\u00bb width=\u00bb1\/2&#8243; tablet_width_inherit=\u00bbdefault\u00bb tablet_text_alignment=\u00bbdefault\u00bb phone_text_alignment=\u00bbdefault\u00bb column_border_width=\u00bbnone\u00bb column_border_style=\u00bbsolid\u00bb bg_image_animation=\u00bbnone\u00bb][vc_column_text]\n<h2>\u00bfQu\u00e9 es AUELIK?<\/h2>\n<p>AUELIK, que se pronuncia (awe-lik) es una palabra del antiguo dialecto azteca n\u00e1huatl y significa \u00abagua deliciosa\u00bb.<\/p>\n<p>Todos los d\u00edas millones de personas dependen del agua. Se usa en nuestra vida diaria. Desde los alimentos que cultivamos, hasta las industrias que fabrican productos que nos vinculan directamente a lo que consumimos y a lo que nos rodea. Los fertilizantes, pesticidas, productos qu\u00edmicos, herbicidas, metales pesados, solo por nombrar algunos contaminantes adem\u00e1s de la preocupaci\u00f3n mundial por el calentamiento global son muchas de las cosas que afectan y contaminan nuestra agua, lo que finalmente compromete lo m\u00e1s importante &#8230; \u00a1NUESTRA SALUD!<\/p>\n<p>Reconocemos los efectos de estos problemas y cu\u00e1n importante es continuar innovando formas de entregar agua limpia y pura y sabemos lo que el agua contaminada representa para nosotros y las generaciones futuras. Queremos contribuir a hacer una diferencia en el mundo invirtiendo en recursos para la humanidad.<\/p>\n<p>Nuestros filtros est\u00e1n dise\u00f1ados y fabricados para eliminar contaminantes y ayudar a promover y mantener un hogar saludable. Le garantizamos su absoluta satisfacci\u00f3n con nuestra agua purificada, limpia y DELICIOSA.[\/vc_column_text][\/vc_column][vc_column column_padding=\u00bbpadding-5-percent\u00bb column_padding_position=\u00bbright\u00bb background_color_opacity=\u00bb1&#8243; background_hover_color_opacity=\u00bb1&#8243; column_link_target=\u00bb_self\u00bb column_shadow=\u00bbnone\u00bb column_border_radius=\u00bbnone\u00bb width=\u00bb1\/2&#8243; tablet_width_inherit=\u00bbdefault\u00bb tablet_text_alignment=\u00bbdefault\u00bb phone_text_alignment=\u00bbdefault\u00bb column_border_width=\u00bbnone\u00bb column_border_style=\u00bbsolid\u00bb bg_image_animation=\u00bbnone\u00bb][vc_row_inner column_margin=\u00bbdefault\u00bb text_align=\u00bbleft\u00bb][vc_column_inner column_padding=\u00bbno-extra-padding\u00bb column_padding_position=\u00bball\u00bb background_color_opacity=\u00bb1&#8243; background_hover_color_opacity=\u00bb1&#8243; column_shadow=\u00bbnone\u00bb column_border_radius=\u00bbnone\u00bb column_link_target=\u00bb_self\u00bb width=\u00bb1\/1&#8243; tablet_width_inherit=\u00bbdefault\u00bb column_border_width=\u00bbnone\u00bb column_border_style=\u00bbsolid\u00bb bg_image_animation=\u00bbnone\u00bb]<div class=\"img-with-aniamtion-wrap center\" data-max-width=\"100%\" data-border-radius=\"none\"><div class=\"inner\"><img loading=\"lazy\" decoding=\"async\" data-shadow=\"none\" data-shadow-direction=\"middle\" class=\"img-with-animation skip-lazy \" data-delay=\"0\" height=\"640\" width=\"600\"  data-animation=\"fade-in\" src=\"https:\/\/auelik.com\/wp-content\/uploads\/2019\/12\/auelik-water-filter-1.jpg\" srcset=\"https:\/\/auelik.com\/wp-content\/uploads\/2019\/12\/auelik-water-filter-1.jpg 600w, https:\/\/auelik.com\/wp-content\/uploads\/2019\/12\/auelik-water-filter-1-281x300.jpg 281w\" sizes=\"100vw\" alt=\"\" \/><\/div><\/div>[\/vc_column_inner][\/vc_row_inner][\/vc_column][\/vc_row][vc_row type=\u00bbfull_width_background\u00bb full_screen_row_position=\u00bbmiddle\u00bb bg_color=\u00bb#ffffff\u00bb scene_position=\u00bbcenter\u00bb text_color=\u00bbdark\u00bb text_align=\u00bbleft\u00bb overlay_strength=\u00bb0.3&#8243; shape_divider_position=\u00bbbottom\u00bb bg_image_animation=\u00bbnone\u00bb shape_type=\u00bb\u00bb][vc_column column_padding=\u00bbno-extra-padding\u00bb column_padding_position=\u00bball\u00bb background_color_opacity=\u00bb1&#8243; background_hover_color_opacity=\u00bb1&#8243; column_link_target=\u00bb_self\u00bb column_shadow=\u00bbnone\u00bb column_border_radius=\u00bbnone\u00bb width=\u00bb1\/1&#8243; tablet_width_inherit=\u00bbdefault\u00bb tablet_text_alignment=\u00bbdefault\u00bb phone_text_alignment=\u00bbdefault\u00bb column_border_width=\u00bbnone\u00bb column_border_style=\u00bbsolid\u00bb bg_image_animation=\u00bbnone\u00bb]<div class=\"img-with-aniamtion-wrap center\" data-max-width=\"100%\" data-border-radius=\"none\"><div class=\"inner\"><img loading=\"lazy\" decoding=\"async\" data-shadow=\"none\" data-shadow-direction=\"middle\" class=\"img-with-animation skip-lazy \" data-delay=\"0\" height=\"242\" width=\"1658\"  data-animation=\"fade-in\" src=\"https:\/\/auelik.com\/wp-content\/uploads\/2019\/11\/border-top.jpg\" srcset=\"https:\/\/auelik.com\/wp-content\/uploads\/2019\/11\/border-top.jpg 1658w, https:\/\/auelik.com\/wp-content\/uploads\/2019\/11\/border-top-300x44.jpg 300w, https:\/\/auelik.com\/wp-content\/uploads\/2019\/11\/border-top-768x112.jpg 768w, https:\/\/auelik.com\/wp-content\/uploads\/2019\/11\/border-top-1024x149.jpg 1024w, https:\/\/auelik.com\/wp-content\/uploads\/2019\/11\/border-top-600x88.jpg 600w\" sizes=\"100vw\" alt=\"\" \/><\/div><\/div>[\/vc_column][\/vc_row][vc_row type=\u00bbfull_width_background\u00bb full_screen_row_position=\u00bbmiddle\u00bb bg_color=\u00bb#ffffff\u00bb scene_position=\u00bbcenter\u00bb text_color=\u00bbdark\u00bb text_align=\u00bbleft\u00bb top_padding=\u00bb50&#8243; bottom_padding=\u00bb50&#8243; overlay_strength=\u00bb0.3&#8243; shape_divider_position=\u00bbbottom\u00bb bg_image_animation=\u00bbnone\u00bb shape_type=\u00bb\u00bb][vc_column column_padding=\u00bbno-extra-padding\u00bb column_padding_position=\u00bball\u00bb background_color_opacity=\u00bb1&#8243; background_hover_color_opacity=\u00bb1&#8243; column_link_target=\u00bb_self\u00bb column_shadow=\u00bbnone\u00bb column_border_radius=\u00bbnone\u00bb width=\u00bb1\/6&#8243; tablet_width_inherit=\u00bbdefault\u00bb tablet_text_alignment=\u00bbdefault\u00bb phone_text_alignment=\u00bbdefault\u00bb column_border_width=\u00bbnone\u00bb column_border_style=\u00bbsolid\u00bb bg_image_animation=\u00bbnone\u00bb][\/vc_column][vc_column column_padding=\u00bbno-extra-padding\u00bb column_padding_position=\u00bball\u00bb background_color_opacity=\u00bb1&#8243; background_hover_color_opacity=\u00bb1&#8243; column_link_target=\u00bb_self\u00bb column_shadow=\u00bbnone\u00bb column_border_radius=\u00bbnone\u00bb width=\u00bb2\/3&#8243; tablet_width_inherit=\u00bbdefault\u00bb tablet_text_alignment=\u00bbdefault\u00bb phone_text_alignment=\u00bbdefault\u00bb column_border_width=\u00bbnone\u00bb column_border_style=\u00bbsolid\u00bb bg_image_animation=\u00bbnone\u00bb][vc_column_text]\n<h2 style=\"text-align: center;\">Declaraci\u00f3n De La Misi\u00f3n De AUELIK<\/h2>\n[\/vc_column_text]<div class=\"divider-wrap\" data-alignment=\"default\"><div style=\"height: 40px;\" class=\"divider\"><\/div><\/div>[vc_column_text]\n<p style=\"text-align: center;\">El agua es la fuente de todo lo que nos rodea, es la fuente de la vida.\u00a0F\u00edsica y espiritualmente.<\/p>\n<p style=\"text-align: center;\">Nuestra misi\u00f3n en\u00a0<em>AUELIK<\/em> es ofrecerle agua pura, limpia y deliciosa. Agua que renueva y regenera el cuerpo, la mente y el alma.<\/p>\n<p style=\"text-align: center;\">Ofrecemos nuestros filtros de alta calidad para un mundo mejor y m\u00e1s limpio.\u00a0Haciendo una diferencia en las vidas, una gota a la vez.<\/p>\n[\/vc_column_text][vc_column_text css=\u00bb.vc_custom_1591800963873{padding-right: 20px !important;}\u00bb]\n<div class=\"vc_col-sm-8 wpb_column column_container vc_column_container col no-extra-padding instance-5\" data-t-w-inherits=\"default\" data-border-radius=\"none\" data-shadow=\"none\" data-border-animation=\"\" data-border-animation-delay=\"\" data-border-width=\"none\" data-border-style=\"solid\" data-border-color=\"\" data-bg-cover=\"\" data-padding-pos=\"all\" data-has-bg-color=\"false\" data-bg-color=\"\" data-bg-opacity=\"1\" data-hover-bg=\"\" data-hover-bg-opacity=\"1\" data-animation=\"\" data-delay=\"0\">\n<div class=\"vc_column-inner\">\n<div class=\"wpb_wrapper\">\n<div class=\"wpb_text_column wpb_content_element vc_custom_1576089163641\">\n<div class=\"wpb_wrapper\">\n<h4 style=\"text-align: right;\"><span class=\"goog-text-highlight\">\u00a0<em> JUAN 4:14<\/em><\/span><\/h4>\n<\/div>\n<\/div>\n<\/div>\n<\/div>\n<\/div>\n<div class=\"vc_col-sm-2 wpb_column column_container vc_column_container col no-extra-padding instance-6\" style=\"text-align: right;\" data-t-w-inherits=\"default\" data-border-radius=\"none\" data-shadow=\"none\" data-border-animation=\"\" data-border-animation-delay=\"\" data-border-width=\"none\" data-border-style=\"solid\" data-border-color=\"\" data-bg-cover=\"\" data-padding-pos=\"all\" data-has-bg-color=\"false\" data-bg-color=\"\" data-bg-opacity=\"1\" data-hover-bg=\"\" data-hover-bg-opacity=\"1\" data-animation=\"\" data-delay=\"0\"><\/div>\n[\/vc_column_text][\/vc_column][vc_column column_padding=\u00bbno-extra-padding\u00bb column_padding_position=\u00bball\u00bb background_color_opacity=\u00bb1&#8243; background_hover_color_opacity=\u00bb1&#8243; column_link_target=\u00bb_self\u00bb column_shadow=\u00bbnone\u00bb column_border_radius=\u00bbnone\u00bb width=\u00bb1\/6&#8243; tablet_width_inherit=\u00bbdefault\u00bb tablet_text_alignment=\u00bbdefault\u00bb phone_text_alignment=\u00bbdefault\u00bb column_border_width=\u00bbnone\u00bb column_border_style=\u00bbsolid\u00bb bg_image_animation=\u00bbnone\u00bb][\/vc_column][\/vc_row][full_width_section background_color=\u00bb#6b58cd\u00bb text_color=\u00bblight\u00bb top_padding=\u00bb100&#8243; bottom_padding=\u00bb90&#8243;][vc_column column_padding=\u00bbno-extra-padding\u00bb column_padding_position=\u00bball\u00bb background_color_opacity=\u00bb1&#8243; background_hover_color_opacity=\u00bb1&#8243; column_link_target=\u00bb_self\u00bb column_shadow=\u00bbnone\u00bb column_border_radius=\u00bbnone\u00bb width=\u00bb1\/1&#8243; tablet_width_inherit=\u00bbdefault\u00bb tablet_text_alignment=\u00bbdefault\u00bb phone_text_alignment=\u00bbdefault\u00bb column_border_width=\u00bbnone\u00bb column_border_style=\u00bbsolid\u00bb bg_image_animation=\u00bbnone\u00bb][testimonial_slider style=\u00bbdefault\u00bb star_rating_color=\u00bbaccent-color\u00bb autorotate=\u00bb6500&#8243;][testimonial star_rating=\u00bbnone\u00bb name=\u00bbGreg Jakes Anaheim, CA.\u00bb quote=\u00bbME ENCANTA mi filtro de agua de 0l. Lo he estado usando durante algunos meses ya. Un GRAN agradecimiento al personal que ensambla e instala correctamente. iSigan con el buen trabajo! Cliente agradecido\u00bb id=\u00bb1592062875365-3&#8243; title=\u00bbTestimonial\u00bb tab_id=\u00bb1592062875365-0&#8243;][testimonial star_rating=\u00bbnone\u00bb name=\u00bbSamantha Gemell Aliso Viejo, CA\u00bb quote=\u00bbGran filtro! Tuvimos un terrible problema de cloro con agua de la ciudad. Habia estado usando un filtro de bloque de carb\u00f3n de otra compa\u00f1\u00eda. Simplemente no estaba funcionando. Pedi el filtro de Titansorb (TS3) y al instante obtuvimos agua perfectamente limpia y de buen sabor. Tambi\u00e9n tiene mejor presi\u00f3n de agua. Recomiendo estos filtros!\u00bb id=\u00bb1592062875431-3&#8243; title=\u00bbTestimonial\u00bb tab_id=\u00bb1592062875432-1&#8243;][testimonial star_rating=\u00bbnone\u00bb name=\u00bbMark Levin, Calabasas CA\u00bb quote=\u00bbiHe tenido el mio por algunos meses ya! Y me encanta. Ya no tengo que preocuparme por empacar cajas de agua. Le dije a un amigo y el consigui\u00f3 su filtro poco despu\u00e9s que yo. No he tenido ning\u00fan problema, en realidad lo recomendada a todos en California. iGRACIAS!\u00bb id=\u00bb1592062875474-10&#8243; title=\u00bbTestimonial\u00bb tab_id=\u00bb1592062875474-10&#8243;][\/testimonial_slider][\/vc_column][\/full_width_section][vc_row type=\u00bbfull_width_background\u00bb full_screen_row_position=\u00bbmiddle\u00bb scene_position=\u00bbcenter\u00bb text_color=\u00bbdark\u00bb text_align=\u00bbleft\u00bb id=\u00bbauelikspanish\u00bb overlay_strength=\u00bb0.3&#8243; shape_divider_position=\u00bbbottom\u00bb bg_image_animation=\u00bbnone\u00bb shape_type=\u00bb\u00bb][vc_column column_padding=\u00bbno-extra-padding\u00bb column_padding_position=\u00bball\u00bb background_color_opacity=\u00bb1&#8243; background_hover_color_opacity=\u00bb1&#8243; column_link_target=\u00bb_self\u00bb column_shadow=\u00bbnone\u00bb column_border_radius=\u00bbnone\u00bb width=\u00bb1\/1&#8243; tablet_width_inherit=\u00bbdefault\u00bb tablet_text_alignment=\u00bbdefault\u00bb phone_text_alignment=\u00bbdefault\u00bb column_border_width=\u00bbnone\u00bb column_border_style=\u00bbsolid\u00bb bg_image_animation=\u00bbnone\u00bb][vc_raw_html]JTVCd2NlX2NvZGUlMjBpZCUzRDElNUQlMDk=[\/vc_raw_html][\/vc_column][\/vc_row][vc_row type=\u00bbfull_width_content\u00bb full_screen_row_position=\u00bbmiddle\u00bb bg_color=\u00bb#030d31&#8243; scene_position=\u00bbcenter\u00bb text_color=\u00bbdark\u00bb text_align=\u00bbleft\u00bb id=\u00bbauelikspanish\u00bb overlay_strength=\u00bb0.3&#8243; shape_divider_position=\u00bbbottom\u00bb bg_image_animation=\u00bbnone\u00bb shape_type=\u00bb\u00bb][vc_column column_padding=\u00bbno-extra-padding\u00bb column_padding_position=\u00bball\u00bb background_color_opacity=\u00bb1&#8243; background_hover_color_opacity=\u00bb1&#8243; column_link_target=\u00bb_self\u00bb column_shadow=\u00bbnone\u00bb column_border_radius=\u00bbnone\u00bb width=\u00bb1\/1&#8243; tablet_width_inherit=\u00bbdefault\u00bb tablet_text_alignment=\u00bbdefault\u00bb phone_text_alignment=\u00bbdefault\u00bb column_border_width=\u00bbnone\u00bb column_border_style=\u00bbsolid\u00bb bg_image_animation=\u00bbnone\u00bb][vc_raw_html]JTVCd2NlX2NvZGUlMjBpZCUzRDIlNUQlMDk=[\/vc_raw_html][\/vc_column][\/vc_row]\n","protected":false},"excerpt":{"rendered":"<p>[vc_row type=\u00bbfull_width_content\u00bb full_screen_row_position=\u00bbmiddle\u00bb scene_position=\u00bbcenter\u00bb text_color=\u00bbdark\u00bb text_align=\u00bbleft\u00bb overlay_strength=\u00bb0.3&#8243; shape_divider_position=\u00bbbottom\u00bb bg_image_animation=\u00bbnone\u00bb shape_type=\u00bb\u00bb][vc_column column_padding=\u00bbno-extra-padding\u00bb column_padding_position=\u00bball\u00bb background_color_opacity=\u00bb1&#8243; background_hover_color_opacity=\u00bb1&#8243; column_link_target=\u00bb_self\u00bb column_shadow=\u00bbnone\u00bb column_border_radius=\u00bbnone\u00bb width=\u00bb1\/1&#8243; tablet_width_inherit=\u00bbdefault\u00bb tablet_text_alignment=\u00bbdefault\u00bb phone_text_alignment=\u00bbdefault\u00bb column_border_width=\u00bbnone\u00bb column_border_style=\u00bbsolid\u00bb bg_image_animation=\u00bbnone\u00bb][vc_column_text][\/vc_column_text][\/vc_column][\/vc_row][vc_row type=\u00bbfull_width_background\u00bb full_screen_row_position=\u00bbmiddle\u00bb bg_color=\u00bb#ffffff\u00bb scene_position=\u00bbcenter\u00bb text_color=\u00bbdark\u00bb text_align=\u00bbleft\u00bb&#8230;<\/p>\n","protected":false},"author":3,"featured_media":0,"parent":0,"menu_order":42,"comment_status":"open","ping_status":"open","template":"","meta":{"footnotes":""},"translation":{"provider":"WPGlobus","version":"3.0.0","language":"es","enabled_languages":["en","es"],"languages":{"en":{"title":true,"content":true,"excerpt":false},"es":{"title":false,"content":true,"excerpt":false}}},"_links":{"self":[{"href":"https:\/\/auelik.com\/es\/wp-json\/wp\/v2\/pages\/704"}],"collection":[{"href":"https:\/\/auelik.com\/es\/wp-json\/wp\/v2\/pages"}],"about":[{"href":"https:\/\/auelik.com\/es\/wp-json\/wp\/v2\/types\/page"}],"author":[{"embeddable":true,"href":"https:\/\/auelik.com\/es\/wp-json\/wp\/v2\/users\/3"}],"replies":[{"embeddable":true,"href":"https:\/\/auelik.com\/es\/wp-json\/wp\/v2\/comments?post=704"}],"version-history":[{"count":52,"href":"https:\/\/auelik.com\/es\/wp-json\/wp\/v2\/pages\/704\/revisions"}],"predecessor-version":[{"id":7839,"href":"https:\/\/auelik.com\/es\/wp-json\/wp\/v2\/pages\/704\/revisions\/7839"}],"wp:attachment":[{"href":"https:\/\/auelik.com\/es\/wp-json\/wp\/v2\/media?parent=704"}],"curies":[{"name":"wp","href":"https:\/\/api.w.org\/{rel}","templated":true}]}}